{"id":3,"date":"2022-06-21T16:22:48","date_gmt":"2022-06-21T14:22:48","guid":{"rendered":"https:\/\/hotelamrathauskassel.de\/Hotel-am-Rathaus_2022\/?page_id=3"},"modified":"2022-06-27T21:00:22","modified_gmt":"2022-06-27T19:00:22","slug":"datenschutzerklaerung","status":"publish","type":"page","link":"https:\/\/hotelamrathauskassel.de\/en\/datenschutzerklaerung\/","title":{"rendered":"Privacy Policy"},"content":{"rendered":"<p>Personal data (usually referred to just as \u201cdata\u201d below) will only be processed by us to the extent necessary and for the purpose of providing a functional and user-friendly website, including its contents, and the services offered there.<\/p>\n\n\n\n<p>Per Art. 4 No. 1 of Regulation (EU) 2016\/679, i.e. the General Data Protection Regulation (hereinafter referred to as the \u201cGDPR\u201d), \u201cprocessing\u201d refers to any operation or set of operations such as collection, recording, organization, structuring, storage, adaptation, alteration, retrieval, consultation, use, disclosure by transmission, dissemination, or otherwise making available, alignment, or combination, restriction, erasure, or destruction performed on personal data, whether by automated means or not.<\/p>\n\n\n\n<p>The following privacy policy is intended to inform you in particular about the type, scope, purpose, duration, and legal basis for the processing of such data either under our own control or in conjunction with others. We also inform you below about the third-party components we use to optimize our website and improve the user experience which may result in said third parties also processing data they collect and control.<\/p>\n\n\n\n<p>Our privacy policy is structured as follows:<\/p>\n\n\n\n<p>1. Information about us as controllers of your data<br>2. The rights of users and data subjects<br>3. Information about the data processing<\/p>\n\n\n\n<h3 class=\"wp-block-heading\">1. Information about us as controllers of your data<\/h3>\n\n\n\n<p>The party responsible for this website (the \u201ccontroller\u201d) for purposes of data protection law is:<\/p>\n\n\n\n<p>Hotel am Rathaus GbR<br>Wilhelmsstr. 29<br>34117 Kassel <br>GERMANY<br>Deutschland<\/p>\n\n\n\n<p class=\"translation-block\">Phone: +49 561 97 88 50<br>Fax: +49 561 9788530<br>Email: info(at)hotelamrathaus-ks.de<\/p>\n\n\n\n<p>The controller\u2019s data protection officer is:<\/p>\n\n\n\n<p>Tomas Bumbar<\/p>\n\n\n\n<h3 class=\"wp-block-heading\">2. The rights of users and data subjects<\/h3>\n\n\n\n<p>With regard to the data processing to be described in more detail below, users and data subjects have the right<\/p>\n\n\n\n<ul class=\"wp-block-list\"><li>to confirmation of whether data concerning them is being processed, information about the data being processed, further information about the nature of the data processing, and copies of the data (cf. also Art. 15 GDPR);<\/li><li>to correct or complete incorrect or incomplete data (cf. also Art. 16 GDPR);<\/li><li>to the immediate deletion of data concerning them (cf. also Art. 17 DSGVO), or, alternatively, if further processing is necessary as stipulated in Art. 17 Para. 3 GDPR, to restrict said processing per Art. 18 GDPR;<\/li><li>to receive copies of the data concerning them and\/or provided by them and to have the same transmitted to other providers\/controllers (cf. also Art. 20 GDPR);<\/li><li>to file complaints with the supervisory authority if they believe that data concerning them is being processed by the controller in breach of data protection provisions (see also Art. 77 GDPR).<\/li><\/ul>\n\n\n\n<p>In addition, the controller is obliged to inform all recipients to whom it discloses data of any such corrections, deletions, or restrictions placed on processing the same per Art. 16, 17 Para. 1, 18 GDPR. However, this obligation does not apply if such notification is impossible or involves a disproportionate effort. Nevertheless, users have a right to information about these recipients.<\/p>\n\n\n\n<p><strong>Likewise, under Art. 21 GDPR, users and data subjects have the right to object to the controller\u2019s future processing of their data pursuant to Art. 6 Para. 1 lit. f) GDPR. In particular, an objection to data processing for the purpose of direct advertising is permissible.<\/strong><\/p>\n\n\n\n<h3 class=\"wp-block-heading\">3. Information about the data processing<\/h3>\n\n\n\n<p>Your data processed when using our website will be deleted or blocked as soon as the purpose for its storage ceases to apply, provided the deletion of the same is not in breach of any statutory storage obligations or unless otherwise stipulated below.<\/p>\n\n\n\n<h4 class=\"wp-block-heading\">Server data<\/h4>\n\n\n\n<p>For technical reasons, the following data sent by your internet browser to us or to our server provider will be collected, especially to ensure a secure and stable website: These server log files record the type and version of your browser, operating system, the website from which you came (referrer URL), the webpages on our site visited, the date and time of your visit, as well as the IP address from which you visited our site.<\/p>\n\n\n\n<p>The data thus collected will be temporarily stored, but not in association with any other of your data.<\/p>\n\n\n\n<p>The basis for this storage is Art. 6 Para. 1 lit. f) GDPR. Our legitimate interest lies in the improvement, stability, functionality, and security of our website.<\/p>\n\n\n\n<p>The data will be deleted within no more than seven days, unless continued storage is required for evidentiary purposes. In which case, all or part of the data will be excluded from deletion until the investigation of the relevant incident is finally resolved.<\/p>\n\n\n\n<h4 class=\"wp-block-heading\">Cookies<\/h4>\n\n\n\n<h5 class=\"wp-block-heading\">a) Sitzungs-Cookies\/Session-Cookies<\/h5>\n\n\n\n<p>Wir verwenden mit unserem Internetauftritt sog. Cookies. Cookies sind kleine Textdateien oder andere Speichertechnologien, die durch den von Ihnen eingesetzten Internet-Browser auf Ihrem Endger\u00e4t ablegt und gespeichert werden. Durch diese Cookies werden im individuellen Umfang bestimmte Informationen von Ihnen, wie beispielsweise Ihre Browser- oder Standortdaten oder Ihre IP-Adresse, verarbeitet. &nbsp;<\/p>\n\n\n\n<p>Durch diese Verarbeitung wird unser Internetauftritt benutzerfreundlicher, effektiver und sicherer, da die Verarbeitung bspw. die Wiedergabe unseres Internetauftritts in unterschiedlichen Sprachen oder das Angebot einer Warenkorbfunktion erm\u00f6glicht.<\/p>\n\n\n\n<p>Rechtsgrundlage dieser Verarbeitung ist Art. 6 Abs. 1 lit b.) DSGVO, sofern diese Cookies Daten zur Vertragsanbahnung oder Vertragsabwicklung verarbeitet werden.<\/p>\n\n\n\n<p>Falls die Verarbeitung nicht der Vertragsanbahnung oder Vertragsabwicklung dient, liegt unser berechtigtes Interesse in der Verbesserung der Funktionalit\u00e4t unseres Internetauftritts. Rechtsgrundlage ist in dann Art. 6 Abs. 1 lit. f) DSGVO.<\/p>\n\n\n\n<p>Mit Schlie\u00dfen Ihres Internet-Browsers werden diese Session-Cookies gel\u00f6scht.<\/p>\n\n\n\n<h5 class=\"wp-block-heading\">b) Drittanbieter-Cookies<\/h5>\n\n\n\n<p>Gegebenenfalls werden mit unserem Internetauftritt auch Cookies von Partnerunternehmen, mit denen wir zum Zwecke der Werbung, der Analyse oder der Funktionalit\u00e4ten unseres Internetauftritts zusammenarbeiten, verwendet.<\/p>\n\n\n\n<p>Die Einzelheiten hierzu, insbesondere zu den Zwecken und den Rechtsgrundlagen der Verarbeitung solcher Drittanbieter-Cookies, entnehmen Sie bitte den nachfolgenden Informationen.<\/p>\n\n\n\n<h5 class=\"wp-block-heading\">c) Beseitigungsm\u00f6glichkeit<\/h5>\n\n\n\n<p>Sie k\u00f6nnen die Installation der Cookies durch eine Einstellung Ihres Internet-Browsers verhindern oder einschr\u00e4nken. Ebenfalls k\u00f6nnen Sie bereits gespeicherte Cookies jederzeit l\u00f6schen. Die hierf\u00fcr erforderlichen Schritte und Ma\u00dfnahmen h\u00e4ngen jedoch von Ihrem konkret genutzten Internet-Browser ab. Bei Fragen benutzen Sie daher bitte die Hilfefunktion oder Dokumentation Ihres Internet-Browsers oder wenden sich an dessen Hersteller bzw. Support. Bei sog. Flash-Cookies kann die Verarbeitung allerdings nicht \u00fcber die Einstellungen des Browsers unterbunden werden. Stattdessen m\u00fcssen Sie insoweit die Einstellung Ihres Flash-Players \u00e4ndern. Auch die hierf\u00fcr erforderlichen Schritte und Ma\u00dfnahmen h\u00e4ngen von Ihrem konkret genutzten Flash-Player ab. Bei Fragen benutzen Sie daher bitte ebenso die Hilfefunktion oder Dokumentation Ihres Flash-Players oder wenden sich an den Hersteller bzw. Benutzer-Support.<\/p>\n\n\n\n<p>Sollten Sie die Installation der Cookies verhindern oder einschr\u00e4nken, kann dies allerdings dazu f\u00fchren, dass nicht s\u00e4mtliche Funktionen unseres Internetauftritts vollumf\u00e4nglich nutzbar sind.<\/p>\n\n\n\n<h4 class=\"wp-block-heading\">Kontaktanfragen \/ Kontaktm\u00f6glichkeit<\/h4>\n\n\n\n<p>Sofern Sie per Kontaktformular oder E-Mail mit uns in Kontakt treten, werden die dabei von Ihnen angegebenen Daten zur Bearbeitung Ihrer Anfrage genutzt. Die Angabe der Daten ist zur Bearbeitung und Beantwortung Ihre Anfrage erforderlich \u2013 ohne deren Bereitstellung k\u00f6nnen wir Ihre Anfrage nicht oder allenfalls eingeschr\u00e4nkt beantworten.<\/p>\n\n\n\n<p>Rechtsgrundlage f\u00fcr diese Verarbeitung ist Art. 6 Abs. 1 lit. b) DSGVO.<\/p>\n\n\n\n<p>Ihre Daten werden gel\u00f6scht, sofern Ihre Anfrage abschlie\u00dfend beantwortet worden ist und der L\u00f6schung keine gesetzlichen Aufbewahrungspflichten entgegenstehen, wie bspw. bei einer sich etwaig anschlie\u00dfenden Vertragsabwicklung.<\/p>\n\n\n\n<h4 class=\"wp-block-heading\">Google-Maps<\/h4>\n\n\n\n<p>In unserem Internetauftritt setzen wir Google Maps zur Darstellung unseres Standorts sowie zur Erstellung einer Anfahrtsbeschreibung ein. Es handelt sich hierbei um einen Dienst der Google LLC, 1600 Amphitheatre Parkway, Mountain View, CA 94043 USA, nachfolgend nur \u201eGoogle\u201c genannt.<\/p>\n\n\n\n<p>Durch die Zertifizierung nach dem EU-US-Datenschutzschild (\u201eEU-US Privacy Shield\u201c)<\/p>\n\n\n\n<p><a href=\"https:\/\/www.privacyshield.gov\/participant?id=a2zt000000001L5AAI&amp;status=Active\">https:\/\/www.privacyshield.gov\/participant?id=a2zt000000001L5AAI&amp;status=Active<\/a><\/p>\n\n\n\n<p>garantiert Google, dass die Datenschutzvorgaben der EU auch bei der Verarbeitung von Daten in den USA eingehalten werden.<\/p>\n\n\n\n<p>Um die Darstellung bestimmter Schriften in unserem Internetauftritt zu erm\u00f6glichen, wird bei Aufruf unseres Internetauftritts eine Verbindung zu dem Google-Server in den USA aufgebaut.<\/p>\n\n\n\n<p>Sofern Sie die in unseren Internetauftritt eingebundene Komponente Google Maps aufrufen, speichert Google \u00fcber Ihren Internet-Browser ein Cookie auf Ihrem Endger\u00e4t. Um unseren Standort anzuzeigen und eine Anfahrtsbeschreibung zu erstellen, werden Ihre Nutzereinstellungen und -daten verarbeitet. Hierbei k\u00f6nnen wir nicht ausschlie\u00dfen, dass Google Server in den USA einsetzt.<\/p>\n\n\n\n<p>Rechtsgrundlage ist Art. 6 Abs. 1 lit. f) DSGVO. Unser berechtigtes Interesse liegt in der Optimierung der Funktionalit\u00e4t unseres Internetauftritts.<\/p>\n\n\n\n<p>Durch die so hergestellte Verbindung zu Google kann Google ermitteln, von welcher Website Ihre Anfrage gesendet worden ist und an welche IP-Adresse die Anfahrtsbeschreibung zu \u00fcbermitteln ist.<\/p>\n\n\n\n<p>Sofern Sie mit dieser Verarbeitung nicht einverstanden sind, haben Sie die M\u00f6glichkeit, die Installation der Cookies durch die entsprechenden Einstellungen in Ihrem Internet-Browser zu verhindern. Einzelheiten hierzu finden Sie vorstehend unter dem Punkt \u201eCookies\u201c.<\/p>\n\n\n\n<p>Zudem erfolgt die Nutzung von Google Maps sowie der \u00fcber Google Maps erlangten Informationen nach den <a target=\"_blank\" rel=\"noreferrer noopener\" href=\"http:\/\/www.google.de\/accounts\/TOS\">Google-Nutzungsbedingungen<\/a>&nbsp;<a target=\"_blank\" rel=\"noreferrer noopener\" href=\"https:\/\/policies.google.com\/terms?gl=DE&amp;hl=de\">https:\/\/policies.google.com\/terms?gl=DE&amp;hl=de<\/a> und den <a target=\"_blank\" rel=\"noreferrer noopener\" href=\"http:\/\/www.google.com\/intl\/de_de\/help\/terms_maps.html\">Gesch\u00e4ftsbedingungen f\u00fcr Google Maps<\/a> https:\/\/www.google.com\/intl\/de_de\/help\/terms_maps.html.<\/p>\n\n\n\n<p>\u00dcberdies bietet Google unter<\/p>\n\n\n\n<p><a href=\"https:\/\/adssettings.google.com\/authenticated\">https:\/\/adssettings.google.com\/authenticated<\/a><\/p>\n\n\n\n<p><a href=\"https:\/\/policies.google.com\/privacy\">https:\/\/policies.google.com\/privacy<\/a><\/p>\n\n\n\n<p>weitergehende Informationen an.<\/p>\n\n\n\n<h4 class=\"wp-block-heading\">YouTube<\/h4>\n\n\n\n<p>In unserem Internetauftritt setzen wir YouTube ein. Hierbei handelt es sich um ein Videoportal der YouTube LLC., 901 Cherry Ave., 94066 San Bruno, CA, USA, nachfolgend nur \u201eYouTube\u201c genannt.<\/p>\n\n\n\n<p>YouTube ist ein Tochterunternehmen der Google LLC., 1600 Amphitheatre Parkway, Mountain View, CA 94043 USA, nachfolgend nur \u201eGoogle\u201c genannt.<\/p>\n\n\n\n<p>Durch die Zertifizierung nach dem EU-US-Datenschutzschild (\u201eEU-US Privacy Shield\u201c)<\/p>\n\n\n\n<p><a href=\"https:\/\/www.privacyshield.gov\/participant?id=a2zt000000001L5AAI&amp;status=Active\">https:\/\/www.privacyshield.gov\/participant?id=a2zt000000001L5AAI&amp;status=Active<\/a><\/p>\n\n\n\n<p>garantiert Google und damit auch das Tochterunternehmen YouTube, dass die Datenschutzvorgaben der EU auch bei der Verarbeitung von Daten in den USA eingehalten werden.<\/p>\n\n\n\n<p>Wir nutzen YouTube im Zusammenhang mit der Funktion \u201eErweiterter Datenschutzmodus\u201c, um Ihnen Videos anzeigen zu k\u00f6nnen. Rechtsgrundlage ist Art. 6 Abs. 1 lit. f) DSGVO. Unser berechtigtes Interesse liegt in der Qualit\u00e4tsverbesserung unseres Internetauftritts. Die Funktion \u201eErweiterter Datenschutzmodus\u201c bewirkt laut Angaben von YouTube, dass die nachfolgend noch n\u00e4her bezeichneten Daten nur dann an den Server von YouTube \u00fcbermittelt werden, wenn Sie ein Video auch tats\u00e4chlich starten.<\/p>\n\n\n\n<p>Ohne diesen \u201eErweiterten Datenschutz\u201c wird eine Verbindung zum Server von YouTube in den USA hergestellt, sobald Sie eine unserer Internetseiten, auf der ein YouTube-Video eingebettet ist, aufrufen.<\/p>\n\n\n\n<p>Diese Verbindung ist erforderlich, um das jeweilige Video auf unserer Internetseite \u00fcber Ihren Internet-Browser darstellen zu k\u00f6nnen. Im Zuge dessen wird YouTube zumindest Ihre IP-Adresse, das Datum nebst Uhrzeit sowie die von Ihnen besuchte Internetseite erfassen und verarbeiten. Zudem wird eine Verbindung zu dem Werbenetzwerk \u201eDoubleClick\u201c von Google hergestellt.<\/p>\n\n\n\n<p>Sollten Sie gleichzeitig bei YouTube eingeloggt sein, weist YouTube die Verbindungsinformationen Ihrem YouTube-Konto zu. Wenn Sie das verhindern m\u00f6chten, m\u00fcssen Sie sich entweder vor dem Besuch unseres Internetauftritts bei YouTube ausloggen oder die entsprechenden Einstellungen in Ihrem YouTube-Benutzerkonto vornehmen.<\/p>\n\n\n\n<p>Zum Zwecke der Funktionalit\u00e4t sowie zur Analyse des Nutzungsverhaltens speichert YouTube dauerhaft Cookies \u00fcber Ihren Internet-Browser auf Ihrem Endger\u00e4t. Falls Sie mit dieser Verarbeitung nicht einverstanden sind, haben Sie die M\u00f6glichkeit, die Speicherung der Cookies durch eine Einstellung in Ihrem Internet-Browsers zu verhindern. N\u00e4here Informationen hierzu finden Sie vorstehend unter \u201eCookies\u201c.<\/p>\n\n\n\n<p>Weitergehende Informationen \u00fcber die Erhebung und Nutzung von Daten sowie Ihre diesbez\u00fcglichen Rechte und Schutzm\u00f6glichkeiten h\u00e4lt Google in den unter<\/p>\n\n\n\n<p><a href=\"https:\/\/policies.google.com\/privacy\">https:\/\/policies.google.com\/privacy<\/a><\/p>\n\n\n\n<p>abrufbaren Datenschutzhinweisen bereit.<\/p>\n\n\n\n<p><small><a target=\"_blank\" href=\"https:\/\/www.ratgeberrecht.eu\/leistungen\/muster-datenschutzerklaerung.html\" rel=\"noreferrer noopener\">Muster-Datenschutzerkl\u00e4rung<\/a> der <a target=\"_blank\" href=\"https:\/\/www.ratgeberrecht.eu\/\" rel=\"noreferrer noopener\">Anwaltskanzlei Wei\u00df &amp; Partner<\/a> Stand:13.09.2018<\/small><\/p>","protected":false},"excerpt":{"rendered":"<p>Personenbezogene Daten (nachfolgend zumeist nur \u201eDaten\u201c genannt) werden von uns nur im Rahmen der Erforderlichkeit sowie zum Zwecke der Bereitstellung eines funktionsf\u00e4higen und nutzerfreundlichen Internetauftritts, inklusive seiner Inhalte und der dort angebotenen Leistungen, verarbeitet. Gem\u00e4\u00df Art. 4 Ziffer 1. der Verordnung (EU) 2016\/679, also der Datenschutz-Grundverordnung (nachfolgend nur \u201eDSGVO\u201c genannt), gilt als \u201eVerarbeitung\u201c jeder mit [&hellip;]<\/p>\n","protected":false},"author":1,"featured_media":0,"parent":0,"menu_order":98,"comment_status":"closed","ping_status":"closed","template":"","meta":{"_uag_custom_page_level_css":"","ocean_post_layout":"","ocean_both_sidebars_style":"","ocean_both_sidebars_content_width":0,"ocean_both_sidebars_sidebars_width":0,"ocean_sidebar":"0","ocean_second_sidebar":"0","ocean_disable_margins":"enable","ocean_add_body_class":"","ocean_shortcode_before_top_bar":"","ocean_shortcode_after_top_bar":"","ocean_shortcode_before_header":"","ocean_shortcode_after_header":"","ocean_has_shortcode":"","ocean_shortcode_after_title":"","ocean_shortcode_before_footer_widgets":"","ocean_shortcode_after_footer_widgets":"","ocean_shortcode_before_footer_bottom":"","ocean_shortcode_after_footer_bottom":"","ocean_display_top_bar":"default","ocean_display_header":"default","ocean_header_style":"","ocean_center_header_left_menu":"0","ocean_custom_header_template":"0","ocean_custom_logo":0,"ocean_custom_retina_logo":0,"ocean_custom_logo_max_width":0,"ocean_custom_logo_tablet_max_width":0,"ocean_custom_logo_mobile_max_width":0,"ocean_custom_logo_max_height":0,"ocean_custom_logo_tablet_max_height":0,"ocean_custom_logo_mobile_max_height":0,"ocean_header_custom_menu":"0","ocean_menu_typo_font_family":"0","ocean_menu_typo_font_subset":"","ocean_menu_typo_font_size":0,"ocean_menu_typo_font_size_tablet":0,"ocean_menu_typo_font_size_mobile":0,"ocean_menu_typo_font_size_unit":"px","ocean_menu_typo_font_weight":"","ocean_menu_typo_font_weight_tablet":"","ocean_menu_typo_font_weight_mobile":"","ocean_menu_typo_transform":"","ocean_menu_typo_transform_tablet":"","ocean_menu_typo_transform_mobile":"","ocean_menu_typo_line_height":0,"ocean_menu_typo_line_height_tablet":0,"ocean_menu_typo_line_height_mobile":0,"ocean_menu_typo_line_height_unit":"","ocean_menu_typo_spacing":0,"ocean_menu_typo_spacing_tablet":0,"ocean_menu_typo_spacing_mobile":0,"ocean_menu_typo_spacing_unit":"","ocean_menu_link_color":"","ocean_menu_link_color_hover":"","ocean_menu_link_color_active":"","ocean_menu_link_background":"","ocean_menu_link_hover_background":"","ocean_menu_link_active_background":"","ocean_menu_social_links_bg":"","ocean_menu_social_hover_links_bg":"","ocean_menu_social_links_color":"","ocean_menu_social_hover_links_color":"","ocean_disable_title":"default","ocean_disable_heading":"default","ocean_post_title":"","ocean_post_subheading":"","ocean_post_title_style":"","ocean_post_title_background_color":"","ocean_post_title_background":0,"ocean_post_title_bg_image_position":"","ocean_post_title_bg_image_attachment":"","ocean_post_title_bg_image_repeat":"","ocean_post_title_bg_image_size":"","ocean_post_title_height":0,"ocean_post_title_bg_overlay":0.5,"ocean_post_title_bg_overlay_color":"","ocean_disable_breadcrumbs":"default","ocean_breadcrumbs_color":"","ocean_breadcrumbs_separator_color":"","ocean_breadcrumbs_links_color":"","ocean_breadcrumbs_links_hover_color":"","ocean_display_footer_widgets":"default","ocean_display_footer_bottom":"default","ocean_custom_footer_template":"0","footnotes":""},"class_list":["post-3","page","type-page","status-publish","hentry","entry"],"uagb_featured_image_src":{"full":false,"thumbnail":false,"medium":false,"medium_large":false,"large":false,"1536x1536":false,"2048x2048":false,"trp-custom-language-flag":false,"ocean-thumb-m":false,"ocean-thumb-ml":false,"ocean-thumb-l":false},"uagb_author_info":{"display_name":"Webart24 Alex","author_link":"https:\/\/hotelamrathauskassel.de\/en\/author\/webart24-alex\/"},"uagb_comment_info":0,"uagb_excerpt":"Personenbezogene Daten (nachfolgend zumeist nur \u201eDaten\u201c genannt) werden von uns nur im Rahmen der Erforderlichkeit sowie zum Zwecke der Bereitstellung eines funktionsf\u00e4higen und nutzerfreundlichen Internetauftritts, inklusive seiner Inhalte und der dort angebotenen Leistungen, verarbeitet. Gem\u00e4\u00df Art. 4 Ziffer 1. der Verordnung (EU) 2016\/679, also der Datenschutz-Grundverordnung (nachfolgend nur \u201eDSGVO\u201c genannt), gilt als \u201eVerarbeitung\u201c jeder mit&hellip;","_links":{"self":[{"href":"https:\/\/hotelamrathauskassel.de\/en\/wp-json\/wp\/v2\/pages\/3","targetHints":{"allow":["GET"]}}],"collection":[{"href":"https:\/\/hotelamrathauskassel.de\/en\/wp-json\/wp\/v2\/pages"}],"about":[{"href":"https:\/\/hotelamrathauskassel.de\/en\/wp-json\/wp\/v2\/types\/page"}],"author":[{"embeddable":true,"href":"https:\/\/hotelamrathauskassel.de\/en\/wp-json\/wp\/v2\/users\/1"}],"replies":[{"embeddable":true,"href":"https:\/\/hotelamrathauskassel.de\/en\/wp-json\/wp\/v2\/comments?post=3"}],"version-history":[{"count":2,"href":"https:\/\/hotelamrathauskassel.de\/en\/wp-json\/wp\/v2\/pages\/3\/revisions"}],"predecessor-version":[{"id":1427,"href":"https:\/\/hotelamrathauskassel.de\/en\/wp-json\/wp\/v2\/pages\/3\/revisions\/1427"}],"wp:attachment":[{"href":"https:\/\/hotelamrathauskassel.de\/en\/wp-json\/wp\/v2\/media?parent=3"}],"curies":[{"name":"wp","href":"https:\/\/api.w.org\/{rel}","templated":true}]}}