{"id":2254,"date":"2023-03-03T08:26:57","date_gmt":"2023-03-03T07:26:57","guid":{"rendered":"https:\/\/hotelamrathauskassel.de\/?page_id=2254"},"modified":"2025-01-25T10:25:52","modified_gmt":"2025-01-25T09:25:52","slug":"apartment","status":"publish","type":"page","link":"https:\/\/hotelamrathauskassel.de\/en\/apartment\/","title":{"rendered":"Apartment"},"content":{"rendered":"<div class=\"wp-block-group is-vertical is-layout-flex wp-container-core-group-is-layout-8cf370e7 wp-block-group-is-layout-flex\">\n<div class=\"wp-block-columns is-layout-flex wp-container-core-columns-is-layout-9d6595d7 wp-block-columns-is-layout-flex\">\n<div class=\"wp-block-column is-layout-flow wp-block-column-is-layout-flow\" style=\"flex-basis:100%\">\n<figure class=\"wp-block-gallery aligncenter has-nested-images columns-5 is-cropped wp-block-gallery-1 is-layout-flex wp-block-gallery-is-layout-flex\">\n<figure class=\"wp-block-image size-full\"><a href=\"https:\/\/hotelamrathauskassel.de\/wp-content\/uploads\/PXL_20250123_1756574642-scaled.jpg\"><img loading=\"lazy\" decoding=\"async\" width=\"1440\" height=\"2560\" data-id=\"2509\" src=\"https:\/\/hotelamrathauskassel.de\/wp-content\/uploads\/PXL_20250123_1756574642-scaled.jpg\" alt=\"\" class=\"wp-image-2509\" srcset=\"https:\/\/hotelamrathauskassel.de\/wp-content\/uploads\/PXL_20250123_1756574642-scaled.jpg 1440w, https:\/\/hotelamrathauskassel.de\/wp-content\/uploads\/PXL_20250123_1756574642-253x450.jpg 253w, https:\/\/hotelamrathauskassel.de\/wp-content\/uploads\/PXL_20250123_1756574642-576x1024.jpg 576w, https:\/\/hotelamrathauskassel.de\/wp-content\/uploads\/PXL_20250123_1756574642-768x1365.jpg 768w, https:\/\/hotelamrathauskassel.de\/wp-content\/uploads\/PXL_20250123_1756574642-864x1536.jpg 864w, https:\/\/hotelamrathauskassel.de\/wp-content\/uploads\/PXL_20250123_1756574642-1152x2048.jpg 1152w, https:\/\/hotelamrathauskassel.de\/wp-content\/uploads\/PXL_20250123_1756574642-7x12.jpg 7w\" sizes=\"auto, (max-width: 1440px) 100vw, 1440px\" \/><\/a><\/figure>\n\n\n\n<figure class=\"wp-block-image size-full\"><a href=\"https:\/\/hotelamrathauskassel.de\/wp-content\/uploads\/PXL_20250123_1757091033-scaled.jpg\"><img loading=\"lazy\" decoding=\"async\" width=\"1440\" height=\"2560\" data-id=\"2510\" src=\"https:\/\/hotelamrathauskassel.de\/wp-content\/uploads\/PXL_20250123_1757091033-scaled.jpg\" alt=\"\" class=\"wp-image-2510\" srcset=\"https:\/\/hotelamrathauskassel.de\/wp-content\/uploads\/PXL_20250123_1757091033-scaled.jpg 1440w, https:\/\/hotelamrathauskassel.de\/wp-content\/uploads\/PXL_20250123_1757091033-253x450.jpg 253w, https:\/\/hotelamrathauskassel.de\/wp-content\/uploads\/PXL_20250123_1757091033-576x1024.jpg 576w, https:\/\/hotelamrathauskassel.de\/wp-content\/uploads\/PXL_20250123_1757091033-768x1365.jpg 768w, https:\/\/hotelamrathauskassel.de\/wp-content\/uploads\/PXL_20250123_1757091033-864x1536.jpg 864w, https:\/\/hotelamrathauskassel.de\/wp-content\/uploads\/PXL_20250123_1757091033-1152x2048.jpg 1152w, https:\/\/hotelamrathauskassel.de\/wp-content\/uploads\/PXL_20250123_1757091033-7x12.jpg 7w\" sizes=\"auto, (max-width: 1440px) 100vw, 1440px\" \/><\/a><\/figure>\n\n\n\n<figure class=\"wp-block-image size-full\"><a href=\"https:\/\/hotelamrathauskassel.de\/wp-content\/uploads\/PXL_20250123_1757550832-scaled.jpg\"><img loading=\"lazy\" decoding=\"async\" width=\"1440\" height=\"2560\" data-id=\"2511\" src=\"https:\/\/hotelamrathauskassel.de\/wp-content\/uploads\/PXL_20250123_1757550832-scaled.jpg\" alt=\"\" class=\"wp-image-2511\" srcset=\"https:\/\/hotelamrathauskassel.de\/wp-content\/uploads\/PXL_20250123_1757550832-scaled.jpg 1440w, https:\/\/hotelamrathauskassel.de\/wp-content\/uploads\/PXL_20250123_1757550832-253x450.jpg 253w, https:\/\/hotelamrathauskassel.de\/wp-content\/uploads\/PXL_20250123_1757550832-576x1024.jpg 576w, https:\/\/hotelamrathauskassel.de\/wp-content\/uploads\/PXL_20250123_1757550832-768x1365.jpg 768w, https:\/\/hotelamrathauskassel.de\/wp-content\/uploads\/PXL_20250123_1757550832-864x1536.jpg 864w, https:\/\/hotelamrathauskassel.de\/wp-content\/uploads\/PXL_20250123_1757550832-1152x2048.jpg 1152w, https:\/\/hotelamrathauskassel.de\/wp-content\/uploads\/PXL_20250123_1757550832-7x12.jpg 7w\" sizes=\"auto, (max-width: 1440px) 100vw, 1440px\" \/><\/a><\/figure>\n\n\n\n<figure class=\"wp-block-image size-full\"><a href=\"https:\/\/hotelamrathauskassel.de\/wp-content\/uploads\/PXL_20250123_1758199082-scaled.jpg\"><img loading=\"lazy\" decoding=\"async\" width=\"2560\" height=\"1440\" data-id=\"2506\" src=\"https:\/\/hotelamrathauskassel.de\/wp-content\/uploads\/PXL_20250123_1758199082-scaled.jpg\" alt=\"\" class=\"wp-image-2506\" srcset=\"https:\/\/hotelamrathauskassel.de\/wp-content\/uploads\/PXL_20250123_1758199082-scaled.jpg 2560w, https:\/\/hotelamrathauskassel.de\/wp-content\/uploads\/PXL_20250123_1758199082-450x253.jpg 450w, https:\/\/hotelamrathauskassel.de\/wp-content\/uploads\/PXL_20250123_1758199082-1024x576.jpg 1024w, https:\/\/hotelamrathauskassel.de\/wp-content\/uploads\/PXL_20250123_1758199082-768x432.jpg 768w, https:\/\/hotelamrathauskassel.de\/wp-content\/uploads\/PXL_20250123_1758199082-1536x864.jpg 1536w, https:\/\/hotelamrathauskassel.de\/wp-content\/uploads\/PXL_20250123_1758199082-2048x1152.jpg 2048w, https:\/\/hotelamrathauskassel.de\/wp-content\/uploads\/PXL_20250123_1758199082-18x10.jpg 18w, https:\/\/hotelamrathauskassel.de\/wp-content\/uploads\/PXL_20250123_1758199082-800x450.jpg 800w\" sizes=\"auto, (max-width: 2560px) 100vw, 2560px\" \/><\/a><\/figure>\n\n\n\n<figure class=\"wp-block-image size-full\"><a href=\"https:\/\/hotelamrathauskassel.de\/wp-content\/uploads\/PXL_20250123_1758472032-scaled.jpg\"><img loading=\"lazy\" decoding=\"async\" width=\"2560\" height=\"1440\" data-id=\"2507\" src=\"https:\/\/hotelamrathauskassel.de\/wp-content\/uploads\/PXL_20250123_1758472032-scaled.jpg\" alt=\"\" class=\"wp-image-2507\" srcset=\"https:\/\/hotelamrathauskassel.de\/wp-content\/uploads\/PXL_20250123_1758472032-scaled.jpg 2560w, https:\/\/hotelamrathauskassel.de\/wp-content\/uploads\/PXL_20250123_1758472032-450x253.jpg 450w, https:\/\/hotelamrathauskassel.de\/wp-content\/uploads\/PXL_20250123_1758472032-1024x576.jpg 1024w, https:\/\/hotelamrathauskassel.de\/wp-content\/uploads\/PXL_20250123_1758472032-768x432.jpg 768w, https:\/\/hotelamrathauskassel.de\/wp-content\/uploads\/PXL_20250123_1758472032-1536x864.jpg 1536w, https:\/\/hotelamrathauskassel.de\/wp-content\/uploads\/PXL_20250123_1758472032-2048x1152.jpg 2048w, https:\/\/hotelamrathauskassel.de\/wp-content\/uploads\/PXL_20250123_1758472032-18x10.jpg 18w, https:\/\/hotelamrathauskassel.de\/wp-content\/uploads\/PXL_20250123_1758472032-800x450.jpg 800w\" sizes=\"auto, (max-width: 2560px) 100vw, 2560px\" \/><\/a><\/figure>\n\n\n\n<figure class=\"wp-block-image size-full\"><a href=\"https:\/\/hotelamrathauskassel.de\/wp-content\/uploads\/PXL_20250123_1757421822-scaled.jpg\"><img loading=\"lazy\" decoding=\"async\" width=\"1440\" height=\"2560\" data-id=\"2513\" src=\"https:\/\/hotelamrathauskassel.de\/wp-content\/uploads\/PXL_20250123_1757421822-scaled.jpg\" alt=\"\" class=\"wp-image-2513\" srcset=\"https:\/\/hotelamrathauskassel.de\/wp-content\/uploads\/PXL_20250123_1757421822-scaled.jpg 1440w, https:\/\/hotelamrathauskassel.de\/wp-content\/uploads\/PXL_20250123_1757421822-253x450.jpg 253w, https:\/\/hotelamrathauskassel.de\/wp-content\/uploads\/PXL_20250123_1757421822-576x1024.jpg 576w, https:\/\/hotelamrathauskassel.de\/wp-content\/uploads\/PXL_20250123_1757421822-768x1365.jpg 768w, https:\/\/hotelamrathauskassel.de\/wp-content\/uploads\/PXL_20250123_1757421822-864x1536.jpg 864w, https:\/\/hotelamrathauskassel.de\/wp-content\/uploads\/PXL_20250123_1757421822-1152x2048.jpg 1152w, https:\/\/hotelamrathauskassel.de\/wp-content\/uploads\/PXL_20250123_1757421822-7x12.jpg 7w\" sizes=\"auto, (max-width: 1440px) 100vw, 1440px\" \/><\/a><\/figure>\n\n\n\n<figure class=\"wp-block-image size-full\"><a href=\"https:\/\/hotelamrathauskassel.de\/wp-content\/uploads\/PXL_20250123_1802060282-scaled.jpg\"><img loading=\"lazy\" decoding=\"async\" width=\"1440\" height=\"2560\" data-id=\"2512\" src=\"https:\/\/hotelamrathauskassel.de\/wp-content\/uploads\/PXL_20250123_1802060282-scaled.jpg\" alt=\"\" class=\"wp-image-2512\" srcset=\"https:\/\/hotelamrathauskassel.de\/wp-content\/uploads\/PXL_20250123_1802060282-scaled.jpg 1440w, https:\/\/hotelamrathauskassel.de\/wp-content\/uploads\/PXL_20250123_1802060282-253x450.jpg 253w, https:\/\/hotelamrathauskassel.de\/wp-content\/uploads\/PXL_20250123_1802060282-576x1024.jpg 576w, https:\/\/hotelamrathauskassel.de\/wp-content\/uploads\/PXL_20250123_1802060282-768x1365.jpg 768w, https:\/\/hotelamrathauskassel.de\/wp-content\/uploads\/PXL_20250123_1802060282-864x1536.jpg 864w, https:\/\/hotelamrathauskassel.de\/wp-content\/uploads\/PXL_20250123_1802060282-1152x2048.jpg 1152w, https:\/\/hotelamrathauskassel.de\/wp-content\/uploads\/PXL_20250123_1802060282-7x12.jpg 7w\" sizes=\"auto, (max-width: 1440px) 100vw, 1440px\" \/><\/a><\/figure>\n\n\n\n<figure class=\"wp-block-image size-full\"><a href=\"https:\/\/hotelamrathauskassel.de\/wp-content\/uploads\/PXL_20250123_1802218342-scaled.jpg\"><img loading=\"lazy\" decoding=\"async\" width=\"2560\" height=\"1440\" data-id=\"2514\" src=\"https:\/\/hotelamrathauskassel.de\/wp-content\/uploads\/PXL_20250123_1802218342-scaled.jpg\" alt=\"\" class=\"wp-image-2514\" srcset=\"https:\/\/hotelamrathauskassel.de\/wp-content\/uploads\/PXL_20250123_1802218342-scaled.jpg 2560w, https:\/\/hotelamrathauskassel.de\/wp-content\/uploads\/PXL_20250123_1802218342-450x253.jpg 450w, https:\/\/hotelamrathauskassel.de\/wp-content\/uploads\/PXL_20250123_1802218342-1024x576.jpg 1024w, https:\/\/hotelamrathauskassel.de\/wp-content\/uploads\/PXL_20250123_1802218342-768x432.jpg 768w, https:\/\/hotelamrathauskassel.de\/wp-content\/uploads\/PXL_20250123_1802218342-1536x864.jpg 1536w, https:\/\/hotelamrathauskassel.de\/wp-content\/uploads\/PXL_20250123_1802218342-2048x1152.jpg 2048w, https:\/\/hotelamrathauskassel.de\/wp-content\/uploads\/PXL_20250123_1802218342-18x10.jpg 18w, https:\/\/hotelamrathauskassel.de\/wp-content\/uploads\/PXL_20250123_1802218342-800x450.jpg 800w\" sizes=\"auto, (max-width: 2560px) 100vw, 2560px\" \/><\/a><\/figure>\n\n\n\n<figure class=\"wp-block-image size-full\"><a href=\"https:\/\/hotelamrathauskassel.de\/wp-content\/uploads\/PXL_20250123_1802302432-scaled.jpg\"><img loading=\"lazy\" decoding=\"async\" width=\"2560\" height=\"1440\" data-id=\"2516\" src=\"https:\/\/hotelamrathauskassel.de\/wp-content\/uploads\/PXL_20250123_1802302432-scaled.jpg\" alt=\"\" class=\"wp-image-2516\" srcset=\"https:\/\/hotelamrathauskassel.de\/wp-content\/uploads\/PXL_20250123_1802302432-scaled.jpg 2560w, https:\/\/hotelamrathauskassel.de\/wp-content\/uploads\/PXL_20250123_1802302432-450x253.jpg 450w, https:\/\/hotelamrathauskassel.de\/wp-content\/uploads\/PXL_20250123_1802302432-1024x576.jpg 1024w, https:\/\/hotelamrathauskassel.de\/wp-content\/uploads\/PXL_20250123_1802302432-768x432.jpg 768w, https:\/\/hotelamrathauskassel.de\/wp-content\/uploads\/PXL_20250123_1802302432-1536x864.jpg 1536w, https:\/\/hotelamrathauskassel.de\/wp-content\/uploads\/PXL_20250123_1802302432-2048x1152.jpg 2048w, https:\/\/hotelamrathauskassel.de\/wp-content\/uploads\/PXL_20250123_1802302432-18x10.jpg 18w, https:\/\/hotelamrathauskassel.de\/wp-content\/uploads\/PXL_20250123_1802302432-800x450.jpg 800w\" sizes=\"auto, (max-width: 2560px) 100vw, 2560px\" \/><\/a><\/figure>\n\n\n\n<figure class=\"wp-block-image size-full\"><a href=\"https:\/\/hotelamrathauskassel.de\/wp-content\/uploads\/PXL_20250123_1756338652-scaled.jpg\"><img loading=\"lazy\" decoding=\"async\" width=\"2560\" height=\"1440\" data-id=\"2515\" src=\"https:\/\/hotelamrathauskassel.de\/wp-content\/uploads\/PXL_20250123_1756338652-scaled.jpg\" alt=\"\" class=\"wp-image-2515\" srcset=\"https:\/\/hotelamrathauskassel.de\/wp-content\/uploads\/PXL_20250123_1756338652-scaled.jpg 2560w, https:\/\/hotelamrathauskassel.de\/wp-content\/uploads\/PXL_20250123_1756338652-450x253.jpg 450w, https:\/\/hotelamrathauskassel.de\/wp-content\/uploads\/PXL_20250123_1756338652-1024x576.jpg 1024w, https:\/\/hotelamrathauskassel.de\/wp-content\/uploads\/PXL_20250123_1756338652-768x432.jpg 768w, https:\/\/hotelamrathauskassel.de\/wp-content\/uploads\/PXL_20250123_1756338652-1536x864.jpg 1536w, https:\/\/hotelamrathauskassel.de\/wp-content\/uploads\/PXL_20250123_1756338652-2048x1152.jpg 2048w, https:\/\/hotelamrathauskassel.de\/wp-content\/uploads\/PXL_20250123_1756338652-18x10.jpg 18w, https:\/\/hotelamrathauskassel.de\/wp-content\/uploads\/PXL_20250123_1756338652-800x450.jpg 800w\" sizes=\"auto, (max-width: 2560px) 100vw, 2560px\" \/><\/a><\/figure>\n\n\n\n<figure class=\"wp-block-image size-full\"><a href=\"https:\/\/hotelamrathauskassel.de\/wp-content\/uploads\/PXL_20250123_1756212412-scaled.jpg\"><img loading=\"lazy\" decoding=\"async\" width=\"2560\" height=\"1773\" data-id=\"2518\" src=\"https:\/\/hotelamrathauskassel.de\/wp-content\/uploads\/PXL_20250123_1756212412-scaled.jpg\" alt=\"\" class=\"wp-image-2518\" srcset=\"https:\/\/hotelamrathauskassel.de\/wp-content\/uploads\/PXL_20250123_1756212412-scaled.jpg 2560w, https:\/\/hotelamrathauskassel.de\/wp-content\/uploads\/PXL_20250123_1756212412-450x312.jpg 450w, https:\/\/hotelamrathauskassel.de\/wp-content\/uploads\/PXL_20250123_1756212412-1024x709.jpg 1024w, https:\/\/hotelamrathauskassel.de\/wp-content\/uploads\/PXL_20250123_1756212412-768x532.jpg 768w, https:\/\/hotelamrathauskassel.de\/wp-content\/uploads\/PXL_20250123_1756212412-1536x1064.jpg 1536w, https:\/\/hotelamrathauskassel.de\/wp-content\/uploads\/PXL_20250123_1756212412-2048x1419.jpg 2048w, https:\/\/hotelamrathauskassel.de\/wp-content\/uploads\/PXL_20250123_1756212412-18x12.jpg 18w\" sizes=\"auto, (max-width: 2560px) 100vw, 2560px\" \/><\/a><\/figure>\n<\/figure>\n<\/div>\n<\/div>\n<\/div>\n\n\n\n<p><\/p>\n\n\n\n<p class=\"has-very-light-gray-to-cyan-bluish-gray-gradient-background has-background\"><strong>Das frisch erstellte Apartment aus dem Jahr 2023 verf\u00fcgt \u00fcber eine moderne Ausstattung. Es gibt eine Fu\u00dfbodenheizung, die f\u00fcr angenehme W\u00e4rme sorgt. Die K\u00fcche ist komplett ausgestattet und bietet alles, was man f\u00fcr die Zubereitung von Mahlzeiten ben\u00f6tigt. Auch das Badezimmer ist modern und bietet ausreichend Platz f\u00fcr die pers\u00f6nliche Hygiene.<\/strong><\/p>\n\n\n\n<p><strong>Es gibt insgesamt zwei Schlafzimmer, von denen jedes mit jeweils zwei Betten ausgestattet ist. Somit bietet das Apartment Platz f\u00fcr insgesamt vier Personen. Au\u00dferdem gibt es ein kleines Wohnzimmer mit einer Schlafcouch f\u00fcr eine weitere Person. Hier kann man gem\u00fctlich entspannen oder auch arbeiten, denn das Apartment bietet kostenloses Internet sowie TV.<\/strong><\/p>\n\n\n\n<p class=\"has-very-light-gray-to-cyan-bluish-gray-gradient-background has-background\"><strong>F\u00fcr eine angenehme Luftqualit\u00e4t sorgen L\u00fcftungsanlagen, die f\u00fcr eine gute Be- und Entl\u00fcftung des Apartments sorgen. Insgesamt bietet das Apartment eine moderne und komfortable Ausstattung, die den Aufenthalt angenehm und unkompliziert gestaltet.<\/strong><\/p>","protected":false},"excerpt":{"rendered":"<p>Das frisch erstellte Apartment aus dem Jahr 2023 verf\u00fcgt \u00fcber eine moderne Ausstattung. Es gibt eine Fu\u00dfbodenheizung, die f\u00fcr angenehme W\u00e4rme sorgt. Die K\u00fcche ist komplett ausgestattet und bietet alles, was man f\u00fcr die Zubereitung von Mahlzeiten ben\u00f6tigt. Auch das Badezimmer ist modern und bietet ausreichend Platz f\u00fcr die pers\u00f6nliche Hygiene. Es gibt insgesamt zwei [&hellip;]<\/p>\n","protected":false},"author":2,"featured_media":0,"parent":0,"menu_order":0,"comment_status":"closed","ping_status":"closed","template":"","meta":{"_uag_custom_page_level_css":"","ocean_post_layout":"","ocean_both_sidebars_style":"","ocean_both_sidebars_content_width":0,"ocean_both_sidebars_sidebars_width":0,"ocean_sidebar":"0","ocean_second_sidebar":"0","ocean_disable_margins":"enable","ocean_add_body_class":"","ocean_shortcode_before_top_bar":"","ocean_shortcode_after_top_bar":"","ocean_shortcode_before_header":"","ocean_shortcode_after_header":"","ocean_has_shortcode":"","ocean_shortcode_after_title":"","ocean_shortcode_before_footer_widgets":"","ocean_shortcode_after_footer_widgets":"","ocean_shortcode_before_footer_bottom":"","ocean_shortcode_after_footer_bottom":"","ocean_display_top_bar":"default","ocean_display_header":"default","ocean_header_style":"","ocean_center_header_left_menu":"0","ocean_custom_header_template":"0","ocean_custom_logo":0,"ocean_custom_retina_logo":0,"ocean_custom_logo_max_width":0,"ocean_custom_logo_tablet_max_width":0,"ocean_custom_logo_mobile_max_width":0,"ocean_custom_logo_max_height":0,"ocean_custom_logo_tablet_max_height":0,"ocean_custom_logo_mobile_max_height":0,"ocean_header_custom_menu":"0","ocean_menu_typo_font_family":"0","ocean_menu_typo_font_subset":"","ocean_menu_typo_font_size":0,"ocean_menu_typo_font_size_tablet":0,"ocean_menu_typo_font_size_mobile":0,"ocean_menu_typo_font_size_unit":"px","ocean_menu_typo_font_weight":"","ocean_menu_typo_font_weight_tablet":"","ocean_menu_typo_font_weight_mobile":"","ocean_menu_typo_transform":"","ocean_menu_typo_transform_tablet":"","ocean_menu_typo_transform_mobile":"","ocean_menu_typo_line_height":0,"ocean_menu_typo_line_height_tablet":0,"ocean_menu_typo_line_height_mobile":0,"ocean_menu_typo_line_height_unit":"","ocean_menu_typo_spacing":0,"ocean_menu_typo_spacing_tablet":0,"ocean_menu_typo_spacing_mobile":0,"ocean_menu_typo_spacing_unit":"","ocean_menu_link_color":"","ocean_menu_link_color_hover":"","ocean_menu_link_color_active":"","ocean_menu_link_background":"","ocean_menu_link_hover_background":"","ocean_menu_link_active_background":"","ocean_menu_social_links_bg":"","ocean_menu_social_hover_links_bg":"","ocean_menu_social_links_color":"","ocean_menu_social_hover_links_color":"","ocean_disable_title":"default","ocean_disable_heading":"default","ocean_post_title":"","ocean_post_subheading":"","ocean_post_title_style":"","ocean_post_title_background_color":"","ocean_post_title_background":0,"ocean_post_title_bg_image_position":"","ocean_post_title_bg_image_attachment":"","ocean_post_title_bg_image_repeat":"","ocean_post_title_bg_image_size":"","ocean_post_title_height":0,"ocean_post_title_bg_overlay":0.5,"ocean_post_title_bg_overlay_color":"","ocean_disable_breadcrumbs":"default","ocean_breadcrumbs_color":"","ocean_breadcrumbs_separator_color":"","ocean_breadcrumbs_links_color":"","ocean_breadcrumbs_links_hover_color":"","ocean_display_footer_widgets":"default","ocean_display_footer_bottom":"default","ocean_custom_footer_template":"0","footnotes":""},"class_list":["post-2254","page","type-page","status-publish","hentry","entry"],"uagb_featured_image_src":{"full":false,"thumbnail":false,"medium":false,"medium_large":false,"large":false,"1536x1536":false,"2048x2048":false,"trp-custom-language-flag":false,"ocean-thumb-m":false,"ocean-thumb-ml":false,"ocean-thumb-l":false},"uagb_author_info":{"display_name":"Tomas B","author_link":"https:\/\/hotelamrathauskassel.de\/en\/author\/tomas-b\/"},"uagb_comment_info":0,"uagb_excerpt":"Das frisch erstellte Apartment aus dem Jahr 2023 verf\u00fcgt \u00fcber eine moderne Ausstattung. Es gibt eine Fu\u00dfbodenheizung, die f\u00fcr angenehme W\u00e4rme sorgt. Die K\u00fcche ist komplett ausgestattet und bietet alles, was man f\u00fcr die Zubereitung von Mahlzeiten ben\u00f6tigt. Auch das Badezimmer ist modern und bietet ausreichend Platz f\u00fcr die pers\u00f6nliche Hygiene. Es gibt insgesamt zwei&hellip;","_links":{"self":[{"href":"https:\/\/hotelamrathauskassel.de\/en\/wp-json\/wp\/v2\/pages\/2254","targetHints":{"allow":["GET"]}}],"collection":[{"href":"https:\/\/hotelamrathauskassel.de\/en\/wp-json\/wp\/v2\/pages"}],"about":[{"href":"https:\/\/hotelamrathauskassel.de\/en\/wp-json\/wp\/v2\/types\/page"}],"author":[{"embeddable":true,"href":"https:\/\/hotelamrathauskassel.de\/en\/wp-json\/wp\/v2\/users\/2"}],"replies":[{"embeddable":true,"href":"https:\/\/hotelamrathauskassel.de\/en\/wp-json\/wp\/v2\/comments?post=2254"}],"version-history":[{"count":18,"href":"https:\/\/hotelamrathauskassel.de\/en\/wp-json\/wp\/v2\/pages\/2254\/revisions"}],"predecessor-version":[{"id":2519,"href":"https:\/\/hotelamrathauskassel.de\/en\/wp-json\/wp\/v2\/pages\/2254\/revisions\/2519"}],"wp:attachment":[{"href":"https:\/\/hotelamrathauskassel.de\/en\/wp-json\/wp\/v2\/media?parent=2254"}],"curies":[{"name":"wp","href":"https:\/\/api.w.org\/{rel}","templated":true}]}}