{"id":2,"date":"2022-06-21T16:22:48","date_gmt":"2022-06-21T14:22:48","guid":{"rendered":"https:\/\/hotelamrathauskassel.de\/Hotel-am-Rathaus_2022\/?page_id=2"},"modified":"2025-02-01T20:04:00","modified_gmt":"2025-02-01T19:04:00","slug":"zimmer-und-preise","status":"publish","type":"page","link":"https:\/\/hotelamrathauskassel.de\/en\/zimmer-und-preise\/","title":{"rendered":"Rooms and prices"},"content":{"rendered":"<p class=\"has-text-align-center has-vivid-red-color has-text-color\"><strong>The hotel rooms are spread over 4 floors (no elevator available)<\/strong> <\/p>\n\n\n\n<section class=\"wp-block-uagb-section uagb-section__wrap uagb-section__background-color uagb-block-90e4c63d\"><div class=\"uagb-section__overlay\"><\/div><div class=\"uagb-section__inner-wrap\">\n<div class=\"wp-block-uagb-info-box uagb-block-a2698bd0 uagb-infobox__content-wrap  uagb-infobox-icon-above-title uagb-infobox-image-valign-top\"><div class=\"uagb-ifb-content\"><div class=\"uagb-ifb-image-content\"><img decoding=\"async\" src=\"https:\/\/hotelamrathauskassel.de\/wp-content\/uploads\/2015\/12\/bed29.png\" alt=\"\" width=\"90\" height=\"90\" loading=\"lazy\"\/><\/div><div class=\"uagb-ifb-title-wrap\"><h3 class=\"uagb-ifb-title\">Single room<br>(different categories)<\/h3><\/div><p class=\"uagb-ifb-desc\">Kleines <o-anim-typing>59 \u20ac<\/o-anim-typing><br>Standard <o-anim-typing>65 \u20ac<\/o-anim-typing><br>&nbsp;<em>Superior<\/em> <o-anim-typing>75 \u20ac<\/o-anim-typing><\/p><div class=\"uagb-ifb-button-wrapper wp-block-button\"><a href=\"https:\/\/hotelamrathauskassel.de\/en\/zimmer-und-preise\/einzelzimmer\/\" class=\"uagb-infobox-cta-link wp-block-button__link\" target=\"_self\" rel=\"noopener noreferrer\" onclick=\"return true;\"><span class=\"uagb-inline-editing\">view room<\/span><svg xmlns=\"https:\/\/www.w3.org\/2000\/svg\" viewbox=\"0 0 512 512\"><path d=\"M504.3 273.6l-112.1 104c-6.992 6.484-17.18 8.218-25.94 4.406c-8.758-3.812-14.42-12.45-14.42-21.1L351.9 288H32C14.33 288 .0002 273.7 .0002 255.1S14.33 224 32 224h319.9l0-72c0-9.547 5.66-18.19 14.42-22c8.754-3.809 18.95-2.075 25.94 4.41l112.1 104C514.6 247.9 514.6 264.1 504.3 273.6z\"><\/path><\/svg><\/a><\/div><\/div><\/div>\n<\/div><\/section>\n\n\n\n<section class=\"wp-block-uagb-section uagb-section__wrap uagb-section__background-none uagb-block-fa67ada9\"><div class=\"uagb-section__overlay\"><\/div><div class=\"uagb-section__inner-wrap\">\n<div class=\"wp-block-uagb-info-box uagb-block-3c5f8507 uagb-infobox__content-wrap  uagb-infobox-icon-above-title uagb-infobox-image-valign-top\"><div class=\"uagb-ifb-content\"><div class=\"uagb-ifb-image-content\"><img decoding=\"async\" src=\"https:\/\/hotelamrathauskassel.de\/wp-content\/uploads\/2015\/12\/bed28.png\" alt=\"\" width=\"90\" height=\"90\" loading=\"lazy\"\/><\/div><div class=\"uagb-ifb-title-wrap\"><h3 class=\"uagb-ifb-title\">Doppel\/Zweibettzimmer<br>(different categories)<\/h3><\/div><p class=\"uagb-ifb-desc\">Zweibett 4OG 85<o-anim-typing>\u20ac<\/o-anim-typing><br>Queensize 3OG <o-anim-typing>85\u20ac<\/o-anim-typing><br>Doppelbett <o-anim-typing>89\u20ac<\/o-anim-typing><\/p><div class=\"uagb-ifb-button-wrapper wp-block-button\"><a href=\"https:\/\/hotelamrathauskassel.de\/en\/zimmer-und-preise\/doppelzimmer\/\" class=\"uagb-infobox-cta-link wp-block-button__link\" target=\"_self\" rel=\"noopener noreferrer\" onclick=\"return true;\"><span class=\"uagb-inline-editing\">view room<\/span><svg xmlns=\"https:\/\/www.w3.org\/2000\/svg\" viewbox=\"0 0 512 512\"><path d=\"M504.3 273.6l-112.1 104c-6.992 6.484-17.18 8.218-25.94 4.406c-8.758-3.812-14.42-12.45-14.42-21.1L351.9 288H32C14.33 288 .0002 273.7 .0002 255.1S14.33 224 32 224h319.9l0-72c0-9.547 5.66-18.19 14.42-22c8.754-3.809 18.95-2.075 25.94 4.41l112.1 104C514.6 247.9 514.6 264.1 504.3 273.6z\"><\/path><\/svg><\/a><\/div><\/div><\/div>\n<\/div><\/section>\n\n\n\n<section class=\"wp-block-uagb-section uagb-section__wrap uagb-section__background-color uagb-block-5b25f21f\"><div class=\"uagb-section__overlay\"><\/div><div class=\"uagb-section__inner-wrap\">\n<div class=\"wp-block-uagb-info-box uagb-block-12a6a8b6 uagb-infobox__content-wrap  uagb-infobox-icon-above-title uagb-infobox-image-valign-top\"><div class=\"uagb-ifb-content\"><div class=\"uagb-ifb-image-content\"><img decoding=\"async\" src=\"https:\/\/hotelamrathauskassel.de\/wp-content\/uploads\/2015\/12\/bedroom20.png\" alt=\"\" width=\"90\" height=\"90\" loading=\"lazy\"\/><\/div><div class=\"uagb-ifb-title-wrap\"><h3 class=\"uagb-ifb-title\"><p style=\"text-align: center;\"><strong><strong><strong><strong>Familienzimmer<\/strong><\/strong><\/strong><\/strong>(2 Kategorien)<\/p>3 OG <br><p style=\"text-align: center;\"><strong><strong><strong><strong> 3P<\/strong><\/strong><\/strong><\/strong>ersonen<\/p><\/h3><\/div><p class=\"uagb-ifb-desc\">110\u20ac<br>4 Personen<br>130\u20ac<br>_______<br>4 OG <br>3Personen<br>105\u20ac<\/p><div class=\"uagb-ifb-button-wrapper wp-block-button\"><a href=\"https:\/\/hotelamrathauskassel.de\/en\/zimmer-und-preise\/dreibettzimmer\/\" class=\"uagb-infobox-cta-link wp-block-button__link\" target=\"_self\" rel=\"noopener noreferrer\" onclick=\"return true;\"><span class=\"uagb-inline-editing\">view room<\/span><svg xmlns=\"https:\/\/www.w3.org\/2000\/svg\" viewbox=\"0 0 512 512\"><path d=\"M504.3 273.6l-112.1 104c-6.992 6.484-17.18 8.218-25.94 4.406c-8.758-3.812-14.42-12.45-14.42-21.1L351.9 288H32C14.33 288 .0002 273.7 .0002 255.1S14.33 224 32 224h319.9l0-72c0-9.547 5.66-18.19 14.42-22c8.754-3.809 18.95-2.075 25.94 4.41l112.1 104C514.6 247.9 514.6 264.1 504.3 273.6z\"><\/path><\/svg><\/a><\/div><\/div><\/div>\n<\/div><\/section>\n\n\n\n<section class=\"wp-block-uagb-section uagb-section__wrap uagb-section__background-none uagb-block-c58d38e2\"><div class=\"uagb-section__overlay\"><\/div><div class=\"uagb-section__inner-wrap\">\n<div class=\"wp-block-uagb-info-box uagb-block-94fc6631 uagb-infobox__content-wrap  uagb-infobox-icon-above-title uagb-infobox-image-valign-top\"><div class=\"uagb-ifb-content\"><div class=\"uagb-ifb-image-content\"><img decoding=\"async\" src=\"https:\/\/hotelamrathauskassel.de\/wp-content\/uploads\/14-146893_grundriss-icon-hd-png-download-250x250.png\" alt=\"\" width=\"90\" height=\"90\" loading=\"lazy\"\/><\/div><div class=\"uagb-ifb-title-wrap\"><h3 class=\"uagb-ifb-title\"><p style=\"text-align: center;\"><strong><strong><strong><strong>Apartment<\/strong><\/strong><\/strong><\/strong><\/p>2 Zimmer + Wohzimmer u. K\u00fcche<br><p style=\"text-align: center;\"><strong><strong><strong><strong>4P<\/strong><\/strong><\/strong><\/strong>ersonen<\/p><\/h3><\/div><p class=\"uagb-ifb-desc\"><o-anim-typing>130 \u20ac<\/o-anim-typing><br>5Personen<br>150\u20ac<\/p><div class=\"uagb-ifb-button-wrapper wp-block-button\"><a href=\"https:\/\/hotelamrathauskassel.de\/en\/apartment\/\" class=\"uagb-infobox-cta-link wp-block-button__link\" target=\"_self\" rel=\"noopener noreferrer\" onclick=\"return true;\"><span class=\"uagb-inline-editing\">view room<\/span><svg xmlns=\"https:\/\/www.w3.org\/2000\/svg\" viewbox=\"0 0 512 512\"><path d=\"M504.3 273.6l-112.1 104c-6.992 6.484-17.18 8.218-25.94 4.406c-8.758-3.812-14.42-12.45-14.42-21.1L351.9 288H32C14.33 288 .0002 273.7 .0002 255.1S14.33 224 32 224h319.9l0-72c0-9.547 5.66-18.19 14.42-22c8.754-3.809 18.95-2.075 25.94 4.41l112.1 104C514.6 247.9 514.6 264.1 504.3 273.6z\"><\/path><\/svg><\/a><\/div><\/div><\/div>\n<\/div><\/section>\n\n\n\n<p class=\"has-text-align-center has-white-background-color has-background\">All prices incl. taxes.<\/p>\n\n\n\n<section class=\"wp-block-uagb-section uagb-section__wrap uagb-section__background-none uagb-block-360383c4\"><div class=\"uagb-section__overlay\"><\/div><div class=\"uagb-section__inner-wrap\">\n<p class=\"has-text-align-center animated zoomIn has-vivid-red-color has-very-light-gray-to-cyan-bluish-gray-gradient-background has-text-color has-background has-medium-font-size\"><strong>Usually no deposit, credit card or cancellation fees<\/strong><\/p>\n<\/div><\/section>\n\n\n\n<section class=\"wp-block-uagb-section uagb-section__wrap uagb-section__background-none uagb-block-f35e98b2\"><div class=\"uagb-section__overlay\"><\/div><div class=\"uagb-section__inner-wrap\">\n<ul class=\"wp-block-list\">\n<li>Discounts are possible on request.<\/li>\n\n\n\n<li>Prices may vary at events and trade fairs.<\/li>\n\n\n\n<li>For long-term or group discounts, please write to us.<\/li>\n<\/ul>\n<\/div><\/section>\n\n\n\n<div class=\"wp-block-buttons is-content-justification-center is-layout-flex wp-container-core-buttons-is-layout-16018d1d wp-block-buttons-is-layout-flex\">\n<div class=\"wp-block-button has-custom-font-size animated zoomIn delay-500ms is-style-outline is-style-outline--1\" style=\"font-size:28px\"><a class=\"wp-block-button__link has-background wp-element-button\" href=\"\/en\/.\/reservierung\/\" style=\"border-radius:0px;background-color:#eaeaea\"><strong>Reservation<\/strong><\/a><\/div>\n<\/div>\n\n\n\n<div style=\"height:80px\" aria-hidden=\"true\" class=\"wp-block-spacer\"><\/div>\n\n\n\n<h1 class=\"wp-block-heading has-text-align-center animated fadeInUp slow has-white-color has-text-color has-background\" style=\"background-color:#001884\">Breakfast<br>possibilities<\/h1>\n\n\n<div class=\"wp-block-image\">\n<figure class=\"aligncenter size-full is-resized\"><img loading=\"lazy\" decoding=\"async\" width=\"128\" height=\"128\" src=\"https:\/\/hotelamrathauskassel.de\/wp-content\/uploads\/2015\/12\/snacks1.png\" alt=\"\" class=\"wp-image-421\" style=\"width:64px;height:64px\"\/><\/figure>\n<\/div>\n\n\n<div class=\"wp-block-buttons is-horizontal is-layout-flex wp-block-buttons-is-layout-flex\">\n<div class=\"wp-block-button has-custom-width wp-block-button__width-100 is-style-outline is-style-outline--2\"><a class=\"wp-block-button__link has-cyan-bluish-gray-background-color has-background wp-element-button\" href=\"https:\/\/www.dein-alex.de\/kassel\/speisekarte?bId=1350&amp;cHash=003ffeeb52791af52286190e1abbe490\" target=\"_blank\" rel=\"noreferrer noopener\"><strong>ALEX<\/strong><\/a><\/div>\n\n\n\n<div class=\"wp-block-button has-custom-width wp-block-button__width-100 is-style-outline is-style-outline--3\"><a class=\"wp-block-button__link has-cyan-bluish-gray-background-color has-background wp-element-button\" href=\"https:\/\/goo.gl\/maps\/ML2cR3vsG9fihAjd7\" target=\"_blank\" rel=\"noreferrer noopener\"><strong>Backfactory<\/strong><\/a><\/div>\n\n\n\n<div class=\"wp-block-button has-custom-width wp-block-button__width-100 is-style-outline is-style-outline--4\"><a class=\"wp-block-button__link has-cyan-bluish-gray-background-color has-background wp-element-button\" href=\"https:\/\/cafe-nenninger.de\/wp-content\/uploads\/2022\/06\/Speisekarte-2022-Preise.pdf\" target=\"_blank\" rel=\"noreferrer noopener\"><strong>Caf\u00e9 Nenninger<\/strong><\/a><\/div>\n<\/div>\n\n\n\n<p><\/p>\n\n\n\n<div class=\"wp-block-columns is-layout-flex wp-container-core-columns-is-layout-9d6595d7 wp-block-columns-is-layout-flex\">\n<div class=\"wp-block-column is-layout-flow wp-block-column-is-layout-flow\" style=\"flex-basis:100%\">\n<iframe loading=\"lazy\" src=\"https:\/\/www.google.com\/maps\/d\/embed?mid=1bV4-vey_WgLQ1b2nhRK6S8JDxCFYSiA&amp;ehbc=2E312F\" width=\"100%\" height=\"400\"><\/iframe>\n<\/div>\n<\/div>\n\n\n\n<h2 class=\"wp-block-heading has-text-align-center animated fadeInUp slow has-white-color has-text-color has-background\" style=\"background-color:#001884\">Rooms<\/h2>\n\n\n\n<p class=\"has-text-align-center\">All hotel rooms are stylishly and comfortably furnished. <br>The hotel rooms are spread over 4 floors (no elevator available) <br>all rooms have <\/p>\n\n\n\n<figure class=\"wp-block-image is-resized wp-duotone-000000-abb8c3-5\"><img loading=\"lazy\" decoding=\"async\" width=\"64\" height=\"64\" src=\"https:\/\/hotelamrathauskassel.de\/wp-content\/uploads\/2018\/01\/hairdryer-silhouette-side-view.png\" alt=\"hairdryer-silhouette-side-view\" class=\"wp-image-858\" style=\"width:70px;height:70px\"\/><figcaption class=\"wp-element-caption\">a bathroom with shower, toilet, hair dryer<\/figcaption><\/figure>\n\n\n\n<figure class=\"wp-block-image is-resized\"><img loading=\"lazy\" decoding=\"async\" width=\"128\" height=\"128\" src=\"https:\/\/hotelamrathauskassel.de\/wp-content\/uploads\/2016\/02\/towel4.png\" alt=\"towel4\" class=\"wp-image-857\" style=\"width:85px;height:85px\"\/><figcaption class=\"wp-element-caption\">and towels.<\/figcaption><\/figure>\n\n\n\n<figure class=\"wp-block-image\"><img loading=\"lazy\" decoding=\"async\" width=\"64\" height=\"64\" src=\"https:\/\/hotelamrathauskassel.de\/wp-content\/uploads\/2018\/01\/cigarette.png\" alt=\"cigarette\" class=\"wp-image-855\"\/><figcaption class=\"wp-element-caption\">are non-smoking rooms<\/figcaption><\/figure>\n\n\n\n<figure class=\"wp-block-image\"><img loading=\"lazy\" decoding=\"async\" width=\"64\" height=\"64\" src=\"https:\/\/hotelamrathauskassel.de\/wp-content\/uploads\/2018\/01\/smoke.png\" alt=\"smoke\" class=\"wp-image-856\"\/><figcaption class=\"wp-element-caption\">are equipped with smoke detectors<\/figcaption><\/figure>\n\n\n\n<figure class=\"wp-block-image\"><img loading=\"lazy\" decoding=\"async\" width=\"64\" height=\"64\" src=\"https:\/\/hotelamrathauskassel.de\/wp-content\/uploads\/2015\/12\/satellite13.png\" alt=\"satellite13\" class=\"wp-image-463\"\/><figcaption class=\"wp-element-caption\">have satellite TV<\/figcaption><\/figure>\n\n\n\n<figure class=\"wp-block-image\"><img loading=\"lazy\" decoding=\"async\" width=\"64\" height=\"64\" src=\"https:\/\/hotelamrathauskassel.de\/wp-content\/uploads\/2015\/12\/computer190-1.png\" alt=\"computer190 (1)\" class=\"wp-image-464\"\/><figcaption class=\"wp-element-caption\"> and <strong><span style=\"text-decoration: underline;\">free<\/span><\/strong> W-lan (WiFi).<\/figcaption><\/figure>","protected":false},"excerpt":{"rendered":"<p>Die Zimmer verteilen sich auf 4 Etagen (kein Fahrstuhl vorhanden) Alle Preise inkl Mwst. Fr\u00fchst\u00fccksm\u00f6glichkeiten Zimmer Alle Hotelzimmer sind stilvoll und wohnlich eingerichtet. Die Hotelzimmer verteilen sich auf 4 Etagen (kein Fahrstuhl vorhanden) alle Zimmer verf\u00fcgen \u00fcber<\/p>","protected":false},"author":1,"featured_media":0,"parent":0,"menu_order":30,"comment_status":"closed","ping_status":"closed","template":"","meta":{"_uag_custom_page_level_css":"","ocean_post_layout":"","ocean_both_sidebars_style":"","ocean_both_sidebars_content_width":0,"ocean_both_sidebars_sidebars_width":0,"ocean_sidebar":"0","ocean_second_sidebar":"0","ocean_disable_margins":"enable","ocean_add_body_class":"","ocean_shortcode_before_top_bar":"","ocean_shortcode_after_top_bar":"","ocean_shortcode_before_header":"","ocean_shortcode_after_header":"","ocean_has_shortcode":"","ocean_shortcode_after_title":"","ocean_shortcode_before_footer_widgets":"","ocean_shortcode_after_footer_widgets":"","ocean_shortcode_before_footer_bottom":"","ocean_shortcode_after_footer_bottom":"","ocean_display_top_bar":"default","ocean_display_header":"default","ocean_header_style":"","ocean_center_header_left_menu":"0","ocean_custom_header_template":"0","ocean_custom_logo":0,"ocean_custom_retina_logo":0,"ocean_custom_logo_max_width":0,"ocean_custom_logo_tablet_max_width":0,"ocean_custom_logo_mobile_max_width":0,"ocean_custom_logo_max_height":0,"ocean_custom_logo_tablet_max_height":0,"ocean_custom_logo_mobile_max_height":0,"ocean_header_custom_menu":"0","ocean_menu_typo_font_family":"0","ocean_menu_typo_font_subset":"","ocean_menu_typo_font_size":0,"ocean_menu_typo_font_size_tablet":0,"ocean_menu_typo_font_size_mobile":0,"ocean_menu_typo_font_size_unit":"px","ocean_menu_typo_font_weight":"","ocean_menu_typo_font_weight_tablet":"","ocean_menu_typo_font_weight_mobile":"","ocean_menu_typo_transform":"","ocean_menu_typo_transform_tablet":"","ocean_menu_typo_transform_mobile":"","ocean_menu_typo_line_height":0,"ocean_menu_typo_line_height_tablet":0,"ocean_menu_typo_line_height_mobile":0,"ocean_menu_typo_line_height_unit":"","ocean_menu_typo_spacing":0,"ocean_menu_typo_spacing_tablet":0,"ocean_menu_typo_spacing_mobile":0,"ocean_menu_typo_spacing_unit":"","ocean_menu_link_color":"","ocean_menu_link_color_hover":"","ocean_menu_link_color_active":"","ocean_menu_link_background":"","ocean_menu_link_hover_background":"","ocean_menu_link_active_background":"","ocean_menu_social_links_bg":"","ocean_menu_social_hover_links_bg":"","ocean_menu_social_links_color":"","ocean_menu_social_hover_links_color":"","ocean_disable_title":"default","ocean_disable_heading":"default","ocean_post_title":"","ocean_post_subheading":"","ocean_post_title_style":"","ocean_post_title_background_color":"","ocean_post_title_background":0,"ocean_post_title_bg_image_position":"","ocean_post_title_bg_image_attachment":"","ocean_post_title_bg_image_repeat":"","ocean_post_title_bg_image_size":"","ocean_post_title_height":0,"ocean_post_title_bg_overlay":0.5,"ocean_post_title_bg_overlay_color":"","ocean_disable_breadcrumbs":"default","ocean_breadcrumbs_color":"","ocean_breadcrumbs_separator_color":"","ocean_breadcrumbs_links_color":"","ocean_breadcrumbs_links_hover_color":"","ocean_display_footer_widgets":"default","ocean_display_footer_bottom":"default","ocean_custom_footer_template":"0","footnotes":""},"class_list":["post-2","page","type-page","status-publish","hentry","entry"],"uagb_featured_image_src":{"full":false,"thumbnail":false,"medium":false,"medium_large":false,"large":false,"1536x1536":false,"2048x2048":false,"trp-custom-language-flag":false,"ocean-thumb-m":false,"ocean-thumb-ml":false,"ocean-thumb-l":false},"uagb_author_info":{"display_name":"Webart24 Alex","author_link":"https:\/\/hotelamrathauskassel.de\/en\/author\/webart24-alex\/"},"uagb_comment_info":0,"uagb_excerpt":"Die Zimmer verteilen sich auf 4 Etagen (kein Fahrstuhl vorhanden) Alle Preise inkl Mwst. Fr\u00fchst\u00fccksm\u00f6glichkeiten Zimmer Alle Hotelzimmer sind stilvoll und wohnlich eingerichtet. Die Hotelzimmer verteilen sich auf 4 Etagen (kein Fahrstuhl vorhanden) alle Zimmer verf\u00fcgen \u00fcber","_links":{"self":[{"href":"https:\/\/hotelamrathauskassel.de\/en\/wp-json\/wp\/v2\/pages\/2","targetHints":{"allow":["GET"]}}],"collection":[{"href":"https:\/\/hotelamrathauskassel.de\/en\/wp-json\/wp\/v2\/pages"}],"about":[{"href":"https:\/\/hotelamrathauskassel.de\/en\/wp-json\/wp\/v2\/types\/page"}],"author":[{"embeddable":true,"href":"https:\/\/hotelamrathauskassel.de\/en\/wp-json\/wp\/v2\/users\/1"}],"replies":[{"embeddable":true,"href":"https:\/\/hotelamrathauskassel.de\/en\/wp-json\/wp\/v2\/comments?post=2"}],"version-history":[{"count":138,"href":"https:\/\/hotelamrathauskassel.de\/en\/wp-json\/wp\/v2\/pages\/2\/revisions"}],"predecessor-version":[{"id":2546,"href":"https:\/\/hotelamrathauskassel.de\/en\/wp-json\/wp\/v2\/pages\/2\/revisions\/2546"}],"wp:attachment":[{"href":"https:\/\/hotelamrathauskassel.de\/en\/wp-json\/wp\/v2\/media?parent=2"}],"curies":[{"name":"wp","href":"https:\/\/api.w.org\/{rel}","templated":true}]}}