{"id":1482,"date":"2022-06-28T15:54:38","date_gmt":"2022-06-28T13:54:38","guid":{"rendered":"https:\/\/hotelamrathauskassel.de\/Hotel-am-Rathaus_2022\/?page_id=1482"},"modified":"2023-12-01T16:53:56","modified_gmt":"2023-12-01T15:53:56","slug":"vielen-dank","status":"publish","type":"page","link":"https:\/\/hotelamrathauskassel.de\/en\/vielen-dank\/","title":{"rendered":"Thank you for your request \/ reservation!"},"content":{"rendered":"<p class=\"has-text-align-center has-large-font-size\"><strong>We will process it as soon as possible!<\/strong><\/p>\n\n\n\n<p class=\"has-text-align-center has-vivid-red-color has-text-color has-large-font-size\">Diese Seite ist die Best\u00e4tigung das die E-mail bei uns angekommnen ist.<\/p>\n\n\n\n<hr class=\"wp-block-separator has-alpha-channel-opacity is-style-wide\"\/>\n\n\n\n<div style=\"height:29px\" aria-hidden=\"true\" class=\"wp-block-spacer\"><\/div>\n\n\n\n<h2 class=\"wp-block-heading has-text-align-center\">Important information<\/h2>\n\n\n\n<div style=\"height:35px\" aria-hidden=\"true\" class=\"wp-block-spacer\"><\/div>\n\n\n\n<div class=\"wp-block-buttons is-content-justification-center is-layout-flex wp-container-core-buttons-is-layout-16018d1d wp-block-buttons-is-layout-flex\">\n<div class=\"wp-block-button is-style-outline is-style-outline--1\"><a class=\"wp-block-button__link has-very-light-gray-to-cyan-bluish-gray-gradient-background has-background wp-element-button\" href=\"\/en\/.\/anreise\/\" style=\"border-radius:0px\">Your journey to us<\/a><\/div>\n<\/div>\n\n\n\n<section class=\"wp-block-uagb-columns uagb-columns__wrap uagb-columns__background-none uagb-columns__stack-mobile uagb-columns__valign- uagb-columns__gap-10 align uagb-block-b1f06b4e uagb-columns__columns-2 uagb-columns__max_width-custom\"><div class=\"uagb-columns__overlay\"><\/div><div class=\"uagb-columns__inner-wrap uagb-columns__columns-2\">\n<div class=\"wp-block-uagb-column uagb-column__wrap uagb-column__background-none uagb-block-92a8b9c7\"><div class=\"uagb-column__overlay\"><\/div>\n<section class=\"wp-block-uagb-section uagb-section__wrap uagb-section__background-color uagb-block-d8ed454e\"><div class=\"uagb-section__overlay\"><\/div><div class=\"uagb-section__inner-wrap\">\n<div class=\"wp-block-group\"><div class=\"wp-block-group__inner-container is-layout-flow wp-block-group-is-layout-flow\"><div class=\"wp-block-image\">\n<figure class=\"aligncenter size-full is-resized\"><img loading=\"lazy\" decoding=\"async\" width=\"128\" height=\"128\" src=\"https:\/\/hotelamrathauskassel.de\/wp-content\/uploads\/2015\/12\/clock96.png\" alt=\"\" class=\"wp-image-294\" style=\"width:64px;height:64px\"\/><\/figure>\n<\/div>\n\n\n<h3 class=\"wp-block-heading has-text-align-center\">Our working times<\/h3>\n\n\n\n<p class=\"translation-block\"><strong>Mo-Sa<\/strong> from <strong>8.00 till about 20.00<\/strong> (depends on the workload)<\/p>\n\n\n\n<p class=\"translation-block\">On <strong>Sundays<\/strong> the reception is not constantly open (depends on the workload).<\/p>\n\n\n\n<p>But we are always available for you if something should be!<\/p>\n\n\n\n<p class=\"has-vivid-red-color has-text-color\"><strong>The reception is not 24 hours open.<\/strong><br><strong><u>It is important to let us know per phone if your arrival is planned after 18:00 o\u00b4clock.<\/u><\/strong><br><strong>Also for bookings made through booking portals!<\/strong><\/p>\n<\/div><\/div>\n<\/div><\/section>\n\n\n\n<section class=\"wp-block-uagb-section uagb-section__wrap uagb-section__background-color uagb-block-bafb7af6 animated slideInUp\"><div class=\"uagb-section__overlay\"><\/div><div class=\"uagb-section__inner-wrap\">\n<div class=\"wp-block-group\"><div class=\"wp-block-group__inner-container is-layout-flow wp-block-group-is-layout-flow\"><div class=\"wp-block-image\">\n<figure class=\"aligncenter size-full is-resized\"><img loading=\"lazy\" decoding=\"async\" width=\"128\" height=\"128\" src=\"https:\/\/hotelamrathauskassel.de\/wp-content\/uploads\/2015\/12\/snacks1.png\" alt=\"\" class=\"wp-image-421\" style=\"width:64px;height:64px\"\/><\/figure>\n<\/div>\n\n\n<h3 class=\"wp-block-heading has-text-align-center\">Fr\u00fchst\u00fcck<br>possibilities<\/h3>\n\n\n\n<div class=\"wp-block-button has-custom-width wp-block-button__width-100 is-style-outline\"><a class=\"wp-block-button__link has-cyan-bluish-gray-background-color has-background wp-element-button\" href=\"https:\/\/www.dein-alex.de\/kassel\/speisekarte?bId=1350&amp;cHash=003ffeeb52791af52286190e1abbe490\" target=\"_blank\" rel=\"noreferrer noopener\"><strong>ALEX<\/strong><\/a><\/div>\n<\/div><\/div>\n\n\n\n<div class=\"wp-block-button has-custom-width wp-block-button__width-100 is-style-outline\"><a class=\"wp-block-button__link has-cyan-bluish-gray-background-color has-background wp-element-button\" href=\"https:\/\/goo.gl\/maps\/ML2cR3vsG9fihAjd7\" target=\"_blank\" rel=\"noreferrer noopener\"><strong>Backfactory<\/strong><\/a><\/div>\n\n\n\n<div class=\"wp-block-button has-custom-width wp-block-button__width-100 is-style-outline\"><a class=\"wp-block-button__link has-cyan-bluish-gray-background-color has-background wp-element-button\" href=\"https:\/\/cafe-nenninger.de\/wp-content\/uploads\/2022\/06\/Speisekarte-2022-Preise.pdf\" target=\"_blank\" rel=\"noreferrer noopener\"><strong>Caf\u00e9 Nenninger<\/strong><\/a><\/div>\n\n\n\n<iframe loading=\"lazy\" src=\"https:\/\/www.google.com\/maps\/d\/embed?mid=1bV4-vey_WgLQ1b2nhRK6S8JDxCFYSiA&amp;ehbc=2E312F\" width=\"100%\" height=\"400\"><\/iframe>\n<\/div><\/section>\n\n\n\n<section class=\"wp-block-uagb-section uagb-section__wrap uagb-section__background-color uagb-block-8a09eaf4 animated slideInUp\"><div class=\"uagb-section__overlay\"><\/div><div class=\"uagb-section__inner-wrap\">\n<div class=\"wp-block-group\"><div class=\"wp-block-group__inner-container is-layout-flow wp-block-group-is-layout-flow\"><div class=\"wp-block-image\">\n<figure class=\"aligncenter size-full is-resized\"><img loading=\"lazy\" decoding=\"async\" width=\"64\" height=\"64\" src=\"https:\/\/hotelamrathauskassel.de\/wp-content\/uploads\/2015\/12\/checkin-2.png\" alt=\"\" class=\"wp-image-459\" style=\"width:64px;height:64px\"\/><\/figure>\n<\/div>\n\n\n<h3 class=\"wp-block-heading has-text-align-center\">Check-In\/Out<\/h3>\n\n\n\n<p><strong>Check-in<\/strong> is the earliest at <strong>14.00<\/strong> By arrangement also earlier.<\/p>\n\n\n\n<p><strong>Check-out<\/strong> is at <strong>11.00 am<\/strong><\/p>\n<\/div><\/div>\n<\/div><\/section>\n<\/div>\n\n\n\n<div class=\"wp-block-uagb-column uagb-column__wrap uagb-column__background-none uagb-block-015d9191\"><div class=\"uagb-column__overlay\"><\/div>\n<section class=\"wp-block-uagb-section uagb-section__wrap uagb-section__background-color uagb-block-0d19a23f animated slideInUp\"><div class=\"uagb-section__overlay\"><\/div><div class=\"uagb-section__inner-wrap\">\n<div class=\"wp-block-group\"><div class=\"wp-block-group__inner-container is-layout-flow wp-block-group-is-layout-flow\"><div class=\"wp-block-image\">\n<figure class=\"aligncenter size-full is-resized\"><img loading=\"lazy\" decoding=\"async\" width=\"128\" height=\"128\" src=\"https:\/\/hotelamrathauskassel.de\/wp-content\/uploads\/2015\/12\/baggage7-2.png\" alt=\"\" class=\"wp-image-460\" style=\"width:64px;height:64px\"\/><\/figure>\n<\/div>\n\n\n<h3 class=\"wp-block-heading has-text-align-center\">Luggage<\/h3>\n\n\n\n<p>Luggage storage is possible.<\/p>\n\n\n\n<p>We accept no liability for loss of luggage.<\/p>\n<\/div><\/div>\n<\/div><\/section>\n\n\n\n<section class=\"wp-block-uagb-section uagb-section__wrap uagb-section__background-color uagb-block-e8bdec04 animated slideInUp\"><div class=\"uagb-section__overlay\"><\/div><div class=\"uagb-section__inner-wrap\">\n<div class=\"wp-block-group\"><div class=\"wp-block-group__inner-container is-layout-flow wp-block-group-is-layout-flow\"><div class=\"wp-block-image\">\n<figure class=\"aligncenter size-full is-resized\"><img loading=\"lazy\" decoding=\"async\" width=\"128\" height=\"128\" src=\"https:\/\/hotelamrathauskassel.de\/wp-content\/uploads\/2015\/12\/tool760.png\" alt=\"\" class=\"wp-image-422\" style=\"width:64px;height:64px\"\/><\/figure>\n<\/div>\n\n\n<h3 class=\"wp-block-heading has-text-align-center\">Cancellation<\/h3>\n\n\n\n<p class=\"translation-block\">Bookings cancellations directly from us generally fall under <em>no fees<\/em>, this applies only in case of notification from a gast who is not going to appear.<\/p>\n\n\n\n<p>Otherwise charges may apply depending on the workload.<\/p>\n\n\n\n<p class=\"translation-block\">Bookings via <strong>booking portals<\/strong> (Booking, Hotel.de, HRS, etc.), we ask to cancel right there!<\/p>\n<\/div><\/div>\n<\/div><\/section>\n\n\n\n<section class=\"wp-block-uagb-section uagb-section__wrap uagb-section__background-color uagb-block-4c0fcee4 animated slideInUp\"><div class=\"uagb-section__overlay\"><\/div><div class=\"uagb-section__inner-wrap\">\n<div class=\"wp-block-group\"><div class=\"wp-block-group__inner-container is-layout-flow wp-block-group-is-layout-flow\"><div class=\"wp-block-image\">\n<figure class=\"aligncenter size-full is-resized\"><img loading=\"lazy\" decoding=\"async\" width=\"128\" height=\"128\" src=\"https:\/\/hotelamrathauskassel.de\/wp-content\/uploads\/2015\/12\/commerce1.png\" alt=\"\" class=\"wp-image-419\" style=\"width:64px;height:64px\"\/><\/figure>\n<\/div>\n\n\n<h3 class=\"wp-block-heading has-text-align-center\">Payments<\/h3>\n\n\n\n<p>You can pay in our hotel:<\/p>\n\n\n\n<ul class=\"wp-block-list\">\n<li><strong>with cash ( \u20ac )<\/strong><\/li>\n\n\n\n<li><strong>with card \u2013 these cards are accepted : EC, Maestro, Visa, Master Card<\/strong><\/li>\n\n\n\n<li><strong>by assumption of the costs of companies with stay in Germany.<\/strong><\/li>\n<\/ul>\n<\/div><\/div>\n<\/div><\/section>\n<\/div>\n<\/div><\/section>\n\n\n\n<hr class=\"wp-block-separator alignfull has-alpha-channel-opacity is-style-wide\"\/>\n\n\n\n<h3 class=\"wp-block-heading has-text-align-center translation-block\">As a little help we have created a map for you,\n<br>where you can find all important information to find your way in Kassel easily and quickly.<\/h3>\n\n\n\n<section class=\"wp-block-uagb-section uagb-section__wrap uagb-section__background-undefined uagb-block-9b6ba883 animated fadeInLeft\"><div class=\"uagb-section__overlay\"><\/div><div class=\"uagb-section__inner-wrap\">\n<iframe loading=\"lazy\" src=\"https:\/\/mapsengine.google.com\/map\/embed?mid=z_fuMl8o6Np0.kH0IYWyvk9b8\" data-mce-fragment=\"1\" width=\"100%\" height=\"680\"><\/iframe>\n<\/div><\/section>","protected":false},"excerpt":{"rendered":"<p>Wir werden diese schnellstm\u00f6glich bearbeiten! Diese Seite ist die Best\u00e4tigung das die E-mail bei uns angekommnen ist. Wichtige Informationen Als kleine Hilfe, haben wir f\u00fcr Sie eine Karte erstellt, mit allen wichtigen Informationen, damit Sie sich schnell in Kassel zurechtfinden.<\/p>","protected":false},"author":1,"featured_media":0,"parent":0,"menu_order":96,"comment_status":"closed","ping_status":"closed","template":"","meta":{"_uag_custom_page_level_css":"","ocean_post_layout":"","ocean_both_sidebars_style":"","ocean_both_sidebars_content_width":0,"ocean_both_sidebars_sidebars_width":0,"ocean_sidebar":"0","ocean_second_sidebar":"0","ocean_disable_margins":"enable","ocean_add_body_class":"","ocean_shortcode_before_top_bar":"","ocean_shortcode_after_top_bar":"","ocean_shortcode_before_header":"","ocean_shortcode_after_header":"","ocean_has_shortcode":"","ocean_shortcode_after_title":"","ocean_shortcode_before_footer_widgets":"","ocean_shortcode_after_footer_widgets":"","ocean_shortcode_before_footer_bottom":"","ocean_shortcode_after_footer_bottom":"","ocean_display_top_bar":"default","ocean_display_header":"default","ocean_header_style":"","ocean_center_header_left_menu":"0","ocean_custom_header_template":"0","ocean_custom_logo":0,"ocean_custom_retina_logo":0,"ocean_custom_logo_max_width":0,"ocean_custom_logo_tablet_max_width":0,"ocean_custom_logo_mobile_max_width":0,"ocean_custom_logo_max_height":0,"ocean_custom_logo_tablet_max_height":0,"ocean_custom_logo_mobile_max_height":0,"ocean_header_custom_menu":"0","ocean_menu_typo_font_family":"0","ocean_menu_typo_font_subset":"","ocean_menu_typo_font_size":0,"ocean_menu_typo_font_size_tablet":0,"ocean_menu_typo_font_size_mobile":0,"ocean_menu_typo_font_size_unit":"px","ocean_menu_typo_font_weight":"","ocean_menu_typo_font_weight_tablet":"","ocean_menu_typo_font_weight_mobile":"","ocean_menu_typo_transform":"","ocean_menu_typo_transform_tablet":"","ocean_menu_typo_transform_mobile":"","ocean_menu_typo_line_height":0,"ocean_menu_typo_line_height_tablet":0,"ocean_menu_typo_line_height_mobile":0,"ocean_menu_typo_line_height_unit":"","ocean_menu_typo_spacing":0,"ocean_menu_typo_spacing_tablet":0,"ocean_menu_typo_spacing_mobile":0,"ocean_menu_typo_spacing_unit":"","ocean_menu_link_color":"","ocean_menu_link_color_hover":"","ocean_menu_link_color_active":"","ocean_menu_link_background":"","ocean_menu_link_hover_background":"","ocean_menu_link_active_background":"","ocean_menu_social_links_bg":"","ocean_menu_social_hover_links_bg":"","ocean_menu_social_links_color":"","ocean_menu_social_hover_links_color":"","ocean_disable_title":"default","ocean_disable_heading":"default","ocean_post_title":"","ocean_post_subheading":"","ocean_post_title_style":"","ocean_post_title_background_color":"","ocean_post_title_background":0,"ocean_post_title_bg_image_position":"","ocean_post_title_bg_image_attachment":"","ocean_post_title_bg_image_repeat":"","ocean_post_title_bg_image_size":"","ocean_post_title_height":0,"ocean_post_title_bg_overlay":0.5,"ocean_post_title_bg_overlay_color":"","ocean_disable_breadcrumbs":"default","ocean_breadcrumbs_color":"","ocean_breadcrumbs_separator_color":"","ocean_breadcrumbs_links_color":"","ocean_breadcrumbs_links_hover_color":"","ocean_display_footer_widgets":"default","ocean_display_footer_bottom":"default","ocean_custom_footer_template":"0","footnotes":""},"class_list":["post-1482","page","type-page","status-publish","hentry","entry"],"uagb_featured_image_src":{"full":false,"thumbnail":false,"medium":false,"medium_large":false,"large":false,"1536x1536":false,"2048x2048":false,"trp-custom-language-flag":false,"ocean-thumb-m":false,"ocean-thumb-ml":false,"ocean-thumb-l":false},"uagb_author_info":{"display_name":"Webart24 Alex","author_link":"https:\/\/hotelamrathauskassel.de\/en\/author\/webart24-alex\/"},"uagb_comment_info":0,"uagb_excerpt":"Wir werden diese schnellstm\u00f6glich bearbeiten! Diese Seite ist die Best\u00e4tigung das die E-mail bei uns angekommnen ist. Wichtige Informationen Als kleine Hilfe, haben wir f\u00fcr Sie eine Karte erstellt, mit allen wichtigen Informationen, damit Sie sich schnell in Kassel zurechtfinden.","_links":{"self":[{"href":"https:\/\/hotelamrathauskassel.de\/en\/wp-json\/wp\/v2\/pages\/1482","targetHints":{"allow":["GET"]}}],"collection":[{"href":"https:\/\/hotelamrathauskassel.de\/en\/wp-json\/wp\/v2\/pages"}],"about":[{"href":"https:\/\/hotelamrathauskassel.de\/en\/wp-json\/wp\/v2\/types\/page"}],"author":[{"embeddable":true,"href":"https:\/\/hotelamrathauskassel.de\/en\/wp-json\/wp\/v2\/users\/1"}],"replies":[{"embeddable":true,"href":"https:\/\/hotelamrathauskassel.de\/en\/wp-json\/wp\/v2\/comments?post=1482"}],"version-history":[{"count":11,"href":"https:\/\/hotelamrathauskassel.de\/en\/wp-json\/wp\/v2\/pages\/1482\/revisions"}],"predecessor-version":[{"id":2444,"href":"https:\/\/hotelamrathauskassel.de\/en\/wp-json\/wp\/v2\/pages\/1482\/revisions\/2444"}],"wp:attachment":[{"href":"https:\/\/hotelamrathauskassel.de\/en\/wp-json\/wp\/v2\/media?parent=1482"}],"curies":[{"name":"wp","href":"https:\/\/api.w.org\/{rel}","templated":true}]}}