{"id":1058,"date":"2022-06-23T16:43:25","date_gmt":"2022-06-23T14:43:25","guid":{"rendered":"https:\/\/hotelamrathauskassel.de\/Hotel-am-Rathaus_2022\/?page_id=1058"},"modified":"2026-03-28T15:42:05","modified_gmt":"2026-03-28T14:42:05","slug":"anreise","status":"publish","type":"page","link":"https:\/\/hotelamrathauskassel.de\/en\/anreise\/","title":{"rendered":"Arrival"},"content":{"rendered":"<section class=\"wp-block-uagb-section uagb-section__wrap uagb-section__background-none uagb-block-7a954215\"><div class=\"uagb-section__overlay\"><\/div><div class=\"uagb-section__inner-wrap\">\n<div class=\"wp-block-group\"><div class=\"wp-block-group__inner-container is-layout-flow wp-block-group-is-layout-flow\">\n<p class=\"has-text-align-center\">Liebe G\u00e4ste, Sie k\u00f6nnen uns ganz bequem per Bahn oder mit dem Auto erreichen. <\/p>\n<\/div><\/div>\n<\/div><\/section>\n\n\n\n<section class=\"wp-block-uagb-section uagb-section__wrap uagb-section__background-image uagb-block-00088c4a\"><div class=\"uagb-section__overlay\"><\/div><div class=\"uagb-section__inner-wrap\">\n<section class=\"wp-block-uagb-columns uagb-columns__wrap uagb-columns__background-image uagb-columns__stack-mobile uagb-columns__valign-top uagb-columns__gap-30 alignfull uagb-block-07439a6f uagb-columns__columns-2 uagb-columns__max_width-custom\"><div class=\"uagb-columns__overlay\"><\/div><div class=\"uagb-columns__inner-wrap uagb-columns__columns-2\">\n<div class=\"wp-block-uagb-column uagb-column__wrap uagb-column__background-color uagb-block-a520cda5\"><div class=\"uagb-column__overlay\"><\/div>\n<section class=\"wp-block-uagb-columns uagb-columns__wrap uagb-columns__background-none uagb-columns__stack-mobile uagb-columns__valign- uagb-columns__gap-10 align uagb-block-07e45101 uagb-columns__columns-1 uagb-columns__max_width-theme\"><div class=\"uagb-columns__overlay\"><\/div><div class=\"uagb-columns__inner-wrap uagb-columns__columns-1\">\n<div class=\"wp-block-uagb-column uagb-column__wrap uagb-column__background-color uagb-block-588699d2\"><div class=\"uagb-column__overlay\"><\/div>\n<div class=\"wp-block-uagb-image aligncenter uagb-block-b8e6737a wp-block-uagb-image--layout-default wp-block-uagb-image--effect-static wp-block-uagb-image--align-center\"><figure class=\"wp-block-uagb-image__figure\"><img decoding=\"async\" srcset=\"https:\/\/hotelamrathauskassel.de\/wp-content\/uploads\/train.png ,https:\/\/hotelamrathauskassel.de\/wp-content\/uploads\/train.png 780w, https:\/\/hotelamrathauskassel.de\/wp-content\/uploads\/train.png 360w\" sizes=\"auto, (max-width: 480px) 150px\" src=\"https:\/\/hotelamrathauskassel.de\/wp-content\/uploads\/train.png\" alt=\"\" class=\"uag-image-2500\" width=\"124\" height=\"124\" title=\"train\" loading=\"lazy\" role=\"img\"\/><\/figure><\/div>\n\n\n\n<h3 class=\"wp-block-heading alignwide\">Arrival by train<\/h3>\n\n\n\n<div class=\"wp-block-group\"><div class=\"wp-block-group__inner-container is-layout-flow wp-block-group-is-layout-flow\">\n<p>If you arrive by train, we recommend you drive till the train station <strong>Bahnhof Wilhelmsh\u00f6he<\/strong>. After your arrival, go up to the main part of the train station, go outsite and enter the city tram <br><strong>Line 1 Direction Vellmar<\/strong> <br>or <br><strong>Line 3 Direction Ihringsh\u00e4user Stra\u00dfe<\/strong> <br>Get in. <br>The trip takes about 5-7 minutes your destination is <strong>\u201eRathaus\u201c<\/strong> station, from there you go around the corner and there you will see our hotel. <br>Tickets price you will find <a rel=\"noopener\" href=\"https:\/\/www.kvg.de\/tickets\/\" target=\"_blank\">here.<\/a> <br>Make sure that your train ticket is a \"City Ticket\" so you can also use the train in Kassel for free. Alternatively, you can also use the <a rel=\"noreferrer noopener\" href=\"https:\/\/www.kassel.de\/kasselcard\" target=\"_blank\">\u201eKassel Card\u201c<\/a> acquire. &nbsp; <\/p>\n<\/div><\/div>\n\n\n\n<div style=\"height:50px\" aria-hidden=\"true\" class=\"wp-block-spacer\"><\/div>\n\n\n\n<p class=\"translation-block\">If you arrive at the main train station <strong> Hauptbahnhof<\/strong>, you can reach us easily on foot.<\/p>\n\n\n\n<iframe loading=\"lazy\" style=\"border: 2;\" src=\"https:\/\/www.google.com\/maps\/embed?pb=!1m28!1m12!1m3!1d4987.534459097122!2d9.487109128128633!3d51.31540666841613!2m3!1f0!2f0!3f0!3m2!1i1024!2i768!4f13.1!4m13!3e2!4m5!1s0x47bb3f4a27365df1%3A0x4e200b66c196acea!2sKassel+Hbf%2C+Kassel!3m2!1d51.318259!2d9.489498!4m5!1s0x47bb3f4ce8792855%3A0x2c05d18995168bfa!2sHotel+Am+Rathaus%2C+Wilhelmsstra%C3%9Fe%2C+Kassel!3m2!1d51.312584!2d9.493475!5e0!3m2!1sde!2sde!4v1448294869386\" allowfullscreen=\"allowfullscreen\" width=\"100%\" height=\"350\" frameborder=\"2\"><\/iframe>\n<\/div>\n<\/div><\/section>\n<\/div>\n\n\n\n<div class=\"wp-block-uagb-column uagb-column__wrap uagb-column__background-color uagb-block-fc109e48\"><div class=\"uagb-column__overlay\"><\/div>\n<section class=\"wp-block-uagb-columns uagb-columns__wrap uagb-columns__background-none uagb-columns__stack-mobile uagb-columns__valign- uagb-columns__gap-10 align uagb-block-79d1f81d uagb-columns__columns-1 uagb-columns__max_width-theme\"><div class=\"uagb-columns__overlay\"><\/div><div class=\"uagb-columns__inner-wrap uagb-columns__columns-1\">\n<div class=\"wp-block-uagb-column uagb-column__wrap uagb-column__background-color uagb-block-ad999ed5\"><div class=\"uagb-column__overlay\"><\/div>\n<div class=\"wp-block-group\"><div class=\"wp-block-group__inner-container is-layout-flow wp-block-group-is-layout-flow\">\n<div class=\"wp-block-uagb-image aligncenter uagb-block-c0592e49 wp-block-uagb-image--layout-default wp-block-uagb-image--effect-static wp-block-uagb-image--align-center\"><figure class=\"wp-block-uagb-image__figure\"><img decoding=\"async\" srcset=\"https:\/\/hotelamrathauskassel.de\/wp-content\/uploads\/car-1.png ,https:\/\/hotelamrathauskassel.de\/wp-content\/uploads\/car-1.png 780w, https:\/\/hotelamrathauskassel.de\/wp-content\/uploads\/car-1.png 360w\" sizes=\"auto, (max-width: 480px) 150px\" src=\"https:\/\/hotelamrathauskassel.de\/wp-content\/uploads\/car-1.png\" alt=\"\" class=\"uag-image-2503\" width=\"152\" height=\"152\" title=\"car-1\" loading=\"lazy\" role=\"img\"\/><\/figure><\/div>\n\n\n\n<h3 class=\"wp-block-heading\">Arrival by car<\/h3>\n\n\n\n<p>If you arrive by car you have several options. <\/p>\n\n\n\n<p class=\"translation-block\">First, we recommend you to navigate directly to our hotel as destination address please enter \u201c<strong>Obere Karlsstr 13<\/strong>\u201d or \u201c<strong>Karlsplatz<\/strong>\u201d, into your navigationsystems, because many systems lead to the side street \u201c<strong>Neue Fahrt<\/strong>\u201d\nif you enter \u201c<strong>Wilhelmsstr. 29<\/strong>\u201d.<\/p>\n\n\n\n<div class=\"wp-block-uagb-buttons uagb-buttons__outer-wrap uagb-btn__default-btn uagb-btn-tablet__default-btn uagb-btn-mobile__default-btn uagb-block-f56147ce\"><div class=\"uagb-buttons__wrap uagb-buttons-layout-wrap\">\n<div class=\"wp-block-uagb-buttons-child uagb-buttons__outer-wrap uagb-block-5e56e766 wp-block-button\"><div class=\"uagb-button__wrapper\"><a class=\"uagb-buttons-repeater wp-block-button__link\" aria-label=\"\" href=\"https:\/\/www.google.de\/maps\/dir\/\/Parkplatz+Karlsplatz,+Ob.+Karlsstra%C3%9Fe+16,+34117+Kassel\/@51.3116715,9.4923908,17z\/data=!4m9!4m8!1m0!1m5!1m1!1s0x47bb39901bf33999:0xada43a957604449a!2m2!1d9.4943717!2d51.3123686!3e0\" rel=\"follow noopener\" target=\"_blank\" role=\"button\"><div class=\"uagb-button__link translation-block\"><strong>Plan route with Google Maps<\/strong><\/div><\/a><\/div><\/div>\n<\/div><\/div>\n<\/div><\/div>\n<\/div>\n<\/div><\/section>\n\n\n\n<div style=\"height:25px\" aria-hidden=\"true\" class=\"wp-block-spacer\"><\/div>\n\n\n\n<iframe src=\"https:\/\/www.google.com\/maps\/embed?pb=!4v1663439049869!6m8!1m7!1sCAoSLEFGMVFpcFBUcnNDeWxfZnpYWGtSeEllXzMtNnlNT3JxcjRBQnZ3MkFfUkcx!2m2!1d51.3126015!2d9.493543500000001!3f200!4f20!5f0.7820865974627469\" style=\"border:0;\" allowfullscreen=\"\" loading=\"lazy\" referrerpolicy=\"no-referrer-when-downgrade\" width=\"100%\" height=\"400\"><\/iframe>\n\n\n\n<p>360\u00b0 view. Location: in front of our hotel<\/p>\n<\/div>\n<\/div><\/section>\n\n\n\n<div style=\"height:100px\" aria-hidden=\"true\" class=\"wp-block-spacer\"><\/div>\n\n\n\n<div class=\"wp-block-uagb-image aligncenter uagb-block-ff60be54 wp-block-uagb-image--layout-default wp-block-uagb-image--effect-static wp-block-uagb-image--align-center\"><figure class=\"wp-block-uagb-image__figure\"><img decoding=\"async\" srcset=\"https:\/\/hotelamrathauskassel.de\/wp-content\/uploads\/parked-car.png ,https:\/\/hotelamrathauskassel.de\/wp-content\/uploads\/parked-car.png 780w, https:\/\/hotelamrathauskassel.de\/wp-content\/uploads\/parked-car.png 360w\" sizes=\"auto, (max-width: 480px) 150px\" src=\"https:\/\/hotelamrathauskassel.de\/wp-content\/uploads\/parked-car.png\" alt=\"\" class=\"uag-image-2502\" width=\"143\" height=\"143\" title=\"parked-car\" loading=\"lazy\" role=\"img\"\/><\/figure><\/div>\n\n\n\n<h3 class=\"wp-block-heading has-text-align-center\"><strong><u>Paid parking <\/u><\/strong><\/h3>\n\n\n\n<section class=\"wp-block-uagb-columns uagb-columns__wrap uagb-columns__background-none uagb-columns__stack-mobile uagb-columns__valign-top uagb-columns__gap-30 alignfull uagb-block-d13a8a1a uagb-columns__columns-2 uagb-columns__max_width-custom\"><div class=\"uagb-columns__overlay\"><\/div><div class=\"uagb-columns__inner-wrap uagb-columns__columns-2\">\n<div class=\"wp-block-uagb-column uagb-column__wrap uagb-column__background-color uagb-block-670cff27\"><div class=\"uagb-column__overlay\"><\/div>\n<div class=\"wp-block-group\"><div class=\"wp-block-group__inner-container is-layout-flow wp-block-group-is-layout-flow\">\n<p class=\"translation-block\">If it is possible we can offer you our own parking. It cannot be reserved, for organizational reasons, but a request is possible but not a guarantee for a parking space.\n\nIt allways depends on the arrival time and the nights of stay. Please ask the reception on your arrival for more information.<\/p>\n\n\n\n<p>Of course we will gladly advise you where you can park cheap or even for free.<\/p>\n\n\n\n<p>If you arrive after 18 o\u00b4clock, you have an option to park at <strong>\u201eKarlsplatz\u201c <\/strong>. <br>This is right next to the hotel. <\/p>\n\n\n\n<p><mark style=\"background-color:rgba(0, 0, 0, 0)\" class=\"has-inline-color has-black-color\">From 4 p.m. (Mon-Fri on weekends around the clock) you can park in the town hall.<\/mark><\/p>\n\n\n\n<p><\/p>\n\n\n\n<iframe loading=\"lazy\" style=\"border: 4;\" src=\"https:\/\/www.google.com\/maps\/embed?pb=!1m18!1m12!1m3!1d623.4828608492047!2d9.49398517923922!3d51.31238559872523!2m3!1f0!2f0!3f0!3m2!1i1024!2i768!4f13.1!3m3!1m2!1s0x47bb38b332fa1eb5%3A0x5bfd7e961c516b60!2sParkplatz%2C+34117+Kassel!5e0!3m2!1sde!2sde!4v1448295199651\" allowfullscreen=\"allowfullscreen\" width=\"100%\" height=\"400\" frameborder=\"1\"><\/iframe>\n\n\n\n<p class=\"translation-block\">It is is a <strong><u>paid<\/u><\/strong> parking and it costs <strong>2 \u20ac per hour<\/strong> (as on 2015). <br>From<strong> 20.00 till 9.00 Mo-Sa<\/strong> parking is free in Kassel. <br>You can find more information here: <br><strong><a href=\"http:\/\/www.kassel.de\/stadt\/mobilitaet\/auto\/infos\/13916\/index.html\/\" target=\"_self\">Parking in Kassel<\/a><\/strong><br><strong><a rel=\"noopener\" href=\"http:\/\/www.parkopedia.de\/parken\/kassel\/\" target=\"_blank\">Parking garages in Kassel and prices<\/a><\/strong><\/p>\n<\/div><\/div>\n<\/div>\n\n\n\n<div class=\"wp-block-uagb-column uagb-column__wrap uagb-column__background-color uagb-block-de8e4510\"><div class=\"uagb-column__overlay\"><\/div>\n<div class=\"wp-block-group\"><div class=\"wp-block-group__inner-container is-layout-flow wp-block-group-is-layout-flow\">\n<p>for a cheaper parking and for a longer stay we recommend the parking at \u201e<strong>Br\u00fcder-Grimm-Platz\u201c<\/strong><\/p>\n\n\n\n<p><strong>!! Momentan Baustelle !!<\/strong><\/p>\n\n\n\n<p class=\"has-medium-font-size\"><strong>per vehicle<\/strong><\/p>\n\n\n\n<iframe loading=\"lazy\" src=\"https:\/\/www.google.com\/maps\/embed?pb=!1m24!1m12!1m3!1d4987.93361947919!2d9.488487355372467!3d51.31173494149472!2m3!1f0!2f0!3f0!3m2!1i1024!2i768!4f13.1!4m9!3e0!4m3!3m2!1d51.3123352!2d9.4940449!4m3!3m2!1d51.310859799999996!2d9.4907726!5e0!3m2!1sde!2sde!4v1663344508781!5m2!1sde!2sde&amp;z=20\" style=\"border:0;\" allowfullscreen=\"\" width=\"100%\" height=\"280\"><\/iframe>\n\n\n\n<div class=\"wp-block-group\"><div class=\"wp-block-group__inner-container is-layout-flow wp-block-group-is-layout-flow\">\n<p><strong>by foot<\/strong><\/p>\n\n\n\n<iframe loading=\"lazy\" style=\"border: 4;\" src=\"https:\/\/www.google.com\/maps\/embed?pb=!1m28!1m12!1m3!1d1246.9806870477503!2d9.49089400829928!3d51.31183494490092!2m3!1f0!2f0!3f0!3m2!1i1024!2i768!4f13.1!4m13!3e6!4m5!1s0x47bb3f4d09afe82d%3A0x982f73493b142c42!2sBr%C3%BCder-Grimm-Platz%2C+34117+Kassel!3m2!1d51.310848199999995!2d9.4907721!4m5!1s0x47bb3f4ce8792855%3A0x2c05d18995168bfa!2sHotel+Am+Rathaus%2C+Wilhelmsstra%C3%9Fe%2C+Kassel!3m2!1d51.312584!2d9.493475!5e0!3m2!1sde!2sde!4v1448297198341\" allowfullscreen=\"allowfullscreen\" width=\"100%\" height=\"320\" frameborder=\"1\"><\/iframe>\n<\/div><\/div>\n\n\n\n<p>There you have longtime rates <strong>\u201eParktarifzone II\u201c<\/strong> <br>Parking is free from 6 p.m. until 9 a.m. <br><strong>\u20ac1 per hour<\/strong><br><strong>9 hours \u20ac6<\/strong>,  = <strong>( 24 hours )<\/strong><br><strong>5 hours \u20ac5<\/strong> <br>You can also pay per SMS or App. <br>More information you can find here: <br><strong><a href=\"https:\/\/www.kassel.de\/buerger\/verkehr_und_mobilitaet\/mit-dem-auto\/inhaltsseiten\/gebuehrenpflichte-parkzonen.php#handy-parken\" target=\"_blank\" rel=\"noreferrer noopener\">Long term, SMS and app parking<\/a><\/strong><\/p>\n<\/div><\/div>\n<\/div>\n<\/div><\/section>\n\n\n\n<div style=\"height:58px\" aria-hidden=\"true\" class=\"wp-block-spacer\"><\/div>\n\n\n\n<h3 class=\"wp-block-heading has-text-align-center\"><span style=\"text-decoration: underline;\"><strong>Free parking<\/strong><\/span><\/h3>\n\n\n\n<p class=\"has-text-align-center has-background\" style=\"background-color:#ededed\">Komplett kostenlos k\u00f6nnen Sie am \u201eAuedamm\u201c parken.<br>Information Stadt Kassel: &#8222;Fahrer von E-Autos parken k\u00fcnftig auf allen st\u00e4dtischen Parkpl\u00e4tzen kostenfrei.&#8220; Wichtig E-Kennzeichen<\/p>\n<\/div><\/section>","protected":false},"excerpt":{"rendered":"","protected":false},"author":1,"featured_media":0,"parent":0,"menu_order":50,"comment_status":"closed","ping_status":"closed","template":"","meta":{"_uag_custom_page_level_css":"","ocean_post_layout":"","ocean_both_sidebars_style":"","ocean_both_sidebars_content_width":0,"ocean_both_sidebars_sidebars_width":0,"ocean_sidebar":"0","ocean_second_sidebar":"0","ocean_disable_margins":"enable","ocean_add_body_class":"","ocean_shortcode_before_top_bar":"","ocean_shortcode_after_top_bar":"","ocean_shortcode_before_header":"","ocean_shortcode_after_header":"","ocean_has_shortcode":"","ocean_shortcode_after_title":"","ocean_shortcode_before_footer_widgets":"","ocean_shortcode_after_footer_widgets":"","ocean_shortcode_before_footer_bottom":"","ocean_shortcode_after_footer_bottom":"","ocean_display_top_bar":"default","ocean_display_header":"default","ocean_header_style":"","ocean_center_header_left_menu":"0","ocean_custom_header_template":"0","ocean_custom_logo":0,"ocean_custom_retina_logo":0,"ocean_custom_logo_max_width":0,"ocean_custom_logo_tablet_max_width":0,"ocean_custom_logo_mobile_max_width":0,"ocean_custom_logo_max_height":0,"ocean_custom_logo_tablet_max_height":0,"ocean_custom_logo_mobile_max_height":0,"ocean_header_custom_menu":"0","ocean_menu_typo_font_family":"0","ocean_menu_typo_font_subset":"","ocean_menu_typo_font_size":0,"ocean_menu_typo_font_size_tablet":0,"ocean_menu_typo_font_size_mobile":0,"ocean_menu_typo_font_size_unit":"px","ocean_menu_typo_font_weight":"","ocean_menu_typo_font_weight_tablet":"","ocean_menu_typo_font_weight_mobile":"","ocean_menu_typo_transform":"","ocean_menu_typo_transform_tablet":"","ocean_menu_typo_transform_mobile":"","ocean_menu_typo_line_height":0,"ocean_menu_typo_line_height_tablet":0,"ocean_menu_typo_line_height_mobile":0,"ocean_menu_typo_line_height_unit":"","ocean_menu_typo_spacing":0,"ocean_menu_typo_spacing_tablet":0,"ocean_menu_typo_spacing_mobile":0,"ocean_menu_typo_spacing_unit":"","ocean_menu_link_color":"","ocean_menu_link_color_hover":"","ocean_menu_link_color_active":"","ocean_menu_link_background":"","ocean_menu_link_hover_background":"","ocean_menu_link_active_background":"","ocean_menu_social_links_bg":"","ocean_menu_social_hover_links_bg":"","ocean_menu_social_links_color":"","ocean_menu_social_hover_links_color":"","ocean_disable_title":"default","ocean_disable_heading":"default","ocean_post_title":"","ocean_post_subheading":"","ocean_post_title_style":"","ocean_post_title_background_color":"","ocean_post_title_background":0,"ocean_post_title_bg_image_position":"","ocean_post_title_bg_image_attachment":"","ocean_post_title_bg_image_repeat":"","ocean_post_title_bg_image_size":"","ocean_post_title_height":0,"ocean_post_title_bg_overlay":0.5,"ocean_post_title_bg_overlay_color":"","ocean_disable_breadcrumbs":"default","ocean_breadcrumbs_color":"","ocean_breadcrumbs_separator_color":"","ocean_breadcrumbs_links_color":"","ocean_breadcrumbs_links_hover_color":"","ocean_display_footer_widgets":"default","ocean_display_footer_bottom":"default","ocean_custom_footer_template":"0","footnotes":""},"class_list":["post-1058","page","type-page","status-publish","hentry","entry"],"uagb_featured_image_src":{"full":false,"thumbnail":false,"medium":false,"medium_large":false,"large":false,"1536x1536":false,"2048x2048":false,"trp-custom-language-flag":false,"ocean-thumb-m":false,"ocean-thumb-ml":false,"ocean-thumb-l":false},"uagb_author_info":{"display_name":"Webart24 Alex","author_link":"https:\/\/hotelamrathauskassel.de\/en\/author\/webart24-alex\/"},"uagb_comment_info":0,"uagb_excerpt":null,"_links":{"self":[{"href":"https:\/\/hotelamrathauskassel.de\/en\/wp-json\/wp\/v2\/pages\/1058","targetHints":{"allow":["GET"]}}],"collection":[{"href":"https:\/\/hotelamrathauskassel.de\/en\/wp-json\/wp\/v2\/pages"}],"about":[{"href":"https:\/\/hotelamrathauskassel.de\/en\/wp-json\/wp\/v2\/types\/page"}],"author":[{"embeddable":true,"href":"https:\/\/hotelamrathauskassel.de\/en\/wp-json\/wp\/v2\/users\/1"}],"replies":[{"embeddable":true,"href":"https:\/\/hotelamrathauskassel.de\/en\/wp-json\/wp\/v2\/comments?post=1058"}],"version-history":[{"count":110,"href":"https:\/\/hotelamrathauskassel.de\/en\/wp-json\/wp\/v2\/pages\/1058\/revisions"}],"predecessor-version":[{"id":2550,"href":"https:\/\/hotelamrathauskassel.de\/en\/wp-json\/wp\/v2\/pages\/1058\/revisions\/2550"}],"wp:attachment":[{"href":"https:\/\/hotelamrathauskassel.de\/en\/wp-json\/wp\/v2\/media?parent=1058"}],"curies":[{"name":"wp","href":"https:\/\/api.w.org\/{rel}","templated":true}]}}