{"id":1054,"date":"2022-06-23T16:42:14","date_gmt":"2022-06-23T14:42:14","guid":{"rendered":"https:\/\/hotelamrathauskassel.de\/Hotel-am-Rathaus_2022\/?page_id=1054"},"modified":"2023-09-21T11:34:14","modified_gmt":"2023-09-21T09:34:14","slug":"informationen","status":"publish","type":"page","link":"https:\/\/hotelamrathauskassel.de\/en\/informationen\/","title":{"rendered":"Important information"},"content":{"rendered":"<section class=\"wp-block-uagb-columns uagb-columns__wrap uagb-columns__background-none uagb-columns__stack-mobile uagb-columns__valign- uagb-columns__gap-10 align uagb-block-c84eba22 uagb-columns__columns-2 uagb-columns__max_width-custom\"><div class=\"uagb-columns__overlay\"><\/div><div class=\"uagb-columns__inner-wrap uagb-columns__columns-2\">\n<div class=\"wp-block-uagb-column uagb-column__wrap uagb-column__background-none uagb-block-b1303f2d\"><div class=\"uagb-column__overlay\"><\/div>\n<section class=\"wp-block-uagb-section uagb-section__wrap uagb-section__background-color uagb-block-e842d07a\"><div class=\"uagb-section__overlay\"><\/div><div class=\"uagb-section__inner-wrap\">\n<div class=\"wp-block-group\"><div class=\"wp-block-group__inner-container is-layout-flow wp-block-group-is-layout-flow\"><div class=\"wp-block-image\">\n<figure class=\"aligncenter size-full is-resized\"><img loading=\"lazy\" decoding=\"async\" src=\"https:\/\/hotelamrathauskassel.de\/wp-content\/uploads\/2015\/12\/clock96.png\" alt=\"\" class=\"wp-image-294\" style=\"width:64px;height:64px\" width=\"64\" height=\"64\"\/><\/figure>\n<\/div>\n\n\n<h3 class=\"wp-block-heading has-text-align-center\">Our working times<\/h3>\n\n\n\n<p><strong>Mo-SO<\/strong> of <strong>14 Uhr bis circa 19<\/strong> Uhr die Rezeption ist nicht durchgehen besetzt (je nach Auslastung).<\/p>\n\n\n\n<p>But we are always available for you if something should be!<\/p>\n\n\n\n<p class=\"has-vivid-red-color has-text-color\"><strong>The reception is not 24 hours open.<\/strong><br><strong><u>It is important to let us know per phone if your arrival is planned after 18:00 o\u00b4clock.<\/u><\/strong><br><strong>Also for bookings made through booking portals!<\/strong><\/p>\n<\/div><\/div>\n<\/div><\/section>\n\n\n\n<section class=\"wp-block-uagb-section uagb-section__wrap uagb-section__background-color uagb-block-63a4e9b5 animated slideInUp\"><div class=\"uagb-section__overlay\"><\/div><div class=\"uagb-section__inner-wrap\">\n<div class=\"wp-block-group\"><div class=\"wp-block-group__inner-container is-layout-flow wp-block-group-is-layout-flow\"><div class=\"wp-block-image\">\n<figure class=\"aligncenter size-full is-resized\"><img loading=\"lazy\" decoding=\"async\" src=\"https:\/\/hotelamrathauskassel.de\/wp-content\/uploads\/2015\/12\/snacks1.png\" alt=\"\" class=\"wp-image-421\" style=\"width:64px;height:64px\" width=\"64\" height=\"64\"\/><\/figure>\n<\/div>\n\n\n<h3 class=\"wp-block-heading has-text-align-center\">Breakfast options<\/h3>\n\n\n\n<h1 class=\"wp-block-heading\">Our hotel does not offer breakfast.<\/h1>\n\n\n\n<div class=\"wp-block-buttons is-layout-flex wp-block-buttons-is-layout-flex\">\n<div class=\"wp-block-button aligncenter\"><a class=\"wp-block-button__link wp-element-button\" href=\"https:\/\/hotelamrathauskassel.de\/en\/fruehstuecksmoeglichkeiten\/\">Click here<\/a><\/div>\n<\/div>\n<\/div><\/div>\n<\/div><\/section>\n\n\n\n<section class=\"wp-block-uagb-section uagb-section__wrap uagb-section__background-color uagb-block-a7d91fbd animated slideInUp\"><div class=\"uagb-section__overlay\"><\/div><div class=\"uagb-section__inner-wrap\">\n<div class=\"wp-block-group\"><div class=\"wp-block-group__inner-container is-layout-flow wp-block-group-is-layout-flow\"><div class=\"wp-block-image\">\n<figure class=\"aligncenter size-full is-resized\"><img loading=\"lazy\" decoding=\"async\" src=\"https:\/\/hotelamrathauskassel.de\/wp-content\/uploads\/2015\/12\/checkin-2.png\" alt=\"\" class=\"wp-image-459\" style=\"width:64px;height:64px\" width=\"64\" height=\"64\"\/><\/figure>\n<\/div>\n\n\n<h3 class=\"wp-block-heading has-text-align-center\">Check-In\/Out<\/h3>\n\n\n\n<p><strong>Check-in<\/strong> is the earliest at <strong>14.00<\/strong> By arrangement also earlier.<\/p>\n\n\n\n<p><strong>Check-out<\/strong> is at <strong>11.00 am<\/strong><\/p>\n<\/div><\/div>\n<\/div><\/section>\n<\/div>\n\n\n\n<div class=\"wp-block-uagb-column uagb-column__wrap uagb-column__background-none uagb-block-ab0e8d8c\"><div class=\"uagb-column__overlay\"><\/div>\n<section class=\"wp-block-uagb-section uagb-section__wrap uagb-section__background-color uagb-block-6d49688e animated slideInUp\"><div class=\"uagb-section__overlay\"><\/div><div class=\"uagb-section__inner-wrap\">\n<div class=\"wp-block-group\"><div class=\"wp-block-group__inner-container is-layout-flow wp-block-group-is-layout-flow\"><div class=\"wp-block-image\">\n<figure class=\"aligncenter size-full is-resized\"><img loading=\"lazy\" decoding=\"async\" src=\"https:\/\/hotelamrathauskassel.de\/wp-content\/uploads\/2015\/12\/baggage7-2.png\" alt=\"\" class=\"wp-image-460\" style=\"width:64px;height:64px\" width=\"64\" height=\"64\"\/><\/figure>\n<\/div>\n\n\n<h3 class=\"wp-block-heading has-text-align-center\">Luggage<\/h3>\n\n\n\n<p>Luggage storage is possible.<\/p>\n\n\n\n<p>We accept no liability for loss of luggage.<\/p>\n\n\n\n<p>F\u00fcr PKW, Fahrr\u00e4der und Motorr\u00e4der und alles andere wird keine Haftung \u00fcbernommen.<\/p>\n<\/div><\/div>\n<\/div><\/section>\n\n\n\n<section class=\"wp-block-uagb-section uagb-section__wrap uagb-section__background-color uagb-block-f09bc73c animated slideInUp\"><div class=\"uagb-section__overlay\"><\/div><div class=\"uagb-section__inner-wrap\">\n<div class=\"wp-block-group\"><div class=\"wp-block-group__inner-container is-layout-flow wp-block-group-is-layout-flow\"><div class=\"wp-block-image\">\n<figure class=\"aligncenter size-full is-resized\"><img loading=\"lazy\" decoding=\"async\" src=\"https:\/\/hotelamrathauskassel.de\/wp-content\/uploads\/2015\/12\/tool760.png\" alt=\"\" class=\"wp-image-422\" style=\"width:64px;height:64px\" width=\"64\" height=\"64\"\/><\/figure>\n<\/div>\n\n\n<h3 class=\"wp-block-heading has-text-align-center\">Cancellation<\/h3>\n\n\n\n<p class=\"translation-block\">Bookings cancellations directly from us generally fall under <em>no fees<\/em>, this applies only in case of notification from a gast who is not going to appear.<\/p>\n\n\n\n<p>Otherwise charges may apply depending on the workload.<\/p>\n\n\n\n<p>Buchungen \u00fcber Booking.com bitten wir direkt dort zu stornieren !<\/p>\n<\/div><\/div>\n<\/div><\/section>\n\n\n\n<section class=\"wp-block-uagb-section uagb-section__wrap uagb-section__background-color uagb-block-c72a9e87 animated slideInUp\"><div class=\"uagb-section__overlay\"><\/div><div class=\"uagb-section__inner-wrap\">\n<div class=\"wp-block-group\"><div class=\"wp-block-group__inner-container is-layout-flow wp-block-group-is-layout-flow\"><div class=\"wp-block-image\">\n<figure class=\"aligncenter size-full is-resized\"><img loading=\"lazy\" decoding=\"async\" src=\"https:\/\/hotelamrathauskassel.de\/wp-content\/uploads\/2015\/12\/commerce1.png\" alt=\"\" class=\"wp-image-419\" style=\"width:64px;height:64px\" width=\"64\" height=\"64\"\/><\/figure>\n<\/div>\n\n\n<h3 class=\"wp-block-heading has-text-align-center\">Payments<\/h3>\n\n\n\n<p>You can pay in our hotel:<\/p>\n\n\n\n<ul class=\"wp-block-list\">\n<li><strong>with cash ( \u20ac )<\/strong><\/li>\n\n\n\n<li><strong>Mit Kart<\/strong>e<\/li>\n\n\n\n<li><strong>by assumption of the costs of companies with stay in Germany.<\/strong><\/li>\n<\/ul>\n<\/div><\/div>\n<\/div><\/section>\n<\/div>\n<\/div><\/section>\n\n\n\n<hr class=\"wp-block-separator alignfull has-alpha-channel-opacity is-style-wide\"\/>\n\n\n\n<h3 class=\"wp-block-heading has-text-align-center translation-block\">As a little help we have created a map for you,\n<br>where you can find all important information to find your way in Kassel easily and quickly.<\/h3>\n\n\n\n<section class=\"wp-block-uagb-section uagb-section__wrap uagb-section__background-undefined uagb-block-5cad23f7 animated fadeInLeft\"><div class=\"uagb-section__overlay\"><\/div><div class=\"uagb-section__inner-wrap\">\n<iframe loading=\"lazy\" src=\"https:\/\/mapsengine.google.com\/map\/embed?mid=z_fuMl8o6Np0.kH0IYWyvk9b8\" data-mce-fragment=\"1\" width=\"100%\" height=\"680\"><\/iframe>\n<\/div><\/section>","protected":false},"excerpt":{"rendered":"<p class=\"translation-block\">As a little help we have created a map for you,\n<br>where you can find all important information to find your way in Kassel easily and quickly.<\/p>","protected":false},"author":1,"featured_media":0,"parent":0,"menu_order":20,"comment_status":"closed","ping_status":"closed","template":"","meta":{"_uag_custom_page_level_css":"","ocean_post_layout":"","ocean_both_sidebars_style":"","ocean_both_sidebars_content_width":0,"ocean_both_sidebars_sidebars_width":0,"ocean_sidebar":"0","ocean_second_sidebar":"0","ocean_disable_margins":"enable","ocean_add_body_class":"","ocean_shortcode_before_top_bar":"","ocean_shortcode_after_top_bar":"","ocean_shortcode_before_header":"","ocean_shortcode_after_header":"","ocean_has_shortcode":"","ocean_shortcode_after_title":"","ocean_shortcode_before_footer_widgets":"","ocean_shortcode_after_footer_widgets":"","ocean_shortcode_before_footer_bottom":"","ocean_shortcode_after_footer_bottom":"","ocean_display_top_bar":"default","ocean_display_header":"default","ocean_header_style":"","ocean_center_header_left_menu":"0","ocean_custom_header_template":"0","ocean_custom_logo":0,"ocean_custom_retina_logo":0,"ocean_custom_logo_max_width":0,"ocean_custom_logo_tablet_max_width":0,"ocean_custom_logo_mobile_max_width":0,"ocean_custom_logo_max_height":0,"ocean_custom_logo_tablet_max_height":0,"ocean_custom_logo_mobile_max_height":0,"ocean_header_custom_menu":"0","ocean_menu_typo_font_family":"0","ocean_menu_typo_font_subset":"","ocean_menu_typo_font_size":0,"ocean_menu_typo_font_size_tablet":0,"ocean_menu_typo_font_size_mobile":0,"ocean_menu_typo_font_size_unit":"px","ocean_menu_typo_font_weight":"","ocean_menu_typo_font_weight_tablet":"","ocean_menu_typo_font_weight_mobile":"","ocean_menu_typo_transform":"","ocean_menu_typo_transform_tablet":"","ocean_menu_typo_transform_mobile":"","ocean_menu_typo_line_height":0,"ocean_menu_typo_line_height_tablet":0,"ocean_menu_typo_line_height_mobile":0,"ocean_menu_typo_line_height_unit":"","ocean_menu_typo_spacing":0,"ocean_menu_typo_spacing_tablet":0,"ocean_menu_typo_spacing_mobile":0,"ocean_menu_typo_spacing_unit":"","ocean_menu_link_color":"","ocean_menu_link_color_hover":"","ocean_menu_link_color_active":"","ocean_menu_link_background":"","ocean_menu_link_hover_background":"","ocean_menu_link_active_background":"","ocean_menu_social_links_bg":"","ocean_menu_social_hover_links_bg":"","ocean_menu_social_links_color":"","ocean_menu_social_hover_links_color":"","ocean_disable_title":"default","ocean_disable_heading":"default","ocean_post_title":"","ocean_post_subheading":"","ocean_post_title_style":"","ocean_post_title_background_color":"","ocean_post_title_background":0,"ocean_post_title_bg_image_position":"","ocean_post_title_bg_image_attachment":"","ocean_post_title_bg_image_repeat":"","ocean_post_title_bg_image_size":"","ocean_post_title_height":0,"ocean_post_title_bg_overlay":0.5,"ocean_post_title_bg_overlay_color":"","ocean_disable_breadcrumbs":"default","ocean_breadcrumbs_color":"","ocean_breadcrumbs_separator_color":"","ocean_breadcrumbs_links_color":"","ocean_breadcrumbs_links_hover_color":"","ocean_display_footer_widgets":"default","ocean_display_footer_bottom":"default","ocean_custom_footer_template":"0","footnotes":""},"class_list":["post-1054","page","type-page","status-publish","hentry","entry"],"uagb_featured_image_src":{"full":false,"thumbnail":false,"medium":false,"medium_large":false,"large":false,"1536x1536":false,"2048x2048":false,"trp-custom-language-flag":false,"ocean-thumb-m":false,"ocean-thumb-ml":false,"ocean-thumb-l":false},"uagb_author_info":{"display_name":"Webart24 Alex","author_link":"https:\/\/hotelamrathauskassel.de\/en\/author\/webart24-alex\/"},"uagb_comment_info":0,"uagb_excerpt":"Als kleine Hilfe, haben wir f\u00fcr Sie eine Karte erstellt, mit allen wichtigen Informationen, damit Sie sich schnell in Kassel zurechtfinden.","_links":{"self":[{"href":"https:\/\/hotelamrathauskassel.de\/en\/wp-json\/wp\/v2\/pages\/1054","targetHints":{"allow":["GET"]}}],"collection":[{"href":"https:\/\/hotelamrathauskassel.de\/en\/wp-json\/wp\/v2\/pages"}],"about":[{"href":"https:\/\/hotelamrathauskassel.de\/en\/wp-json\/wp\/v2\/types\/page"}],"author":[{"embeddable":true,"href":"https:\/\/hotelamrathauskassel.de\/en\/wp-json\/wp\/v2\/users\/1"}],"replies":[{"embeddable":true,"href":"https:\/\/hotelamrathauskassel.de\/en\/wp-json\/wp\/v2\/comments?post=1054"}],"version-history":[{"count":45,"href":"https:\/\/hotelamrathauskassel.de\/en\/wp-json\/wp\/v2\/pages\/1054\/revisions"}],"predecessor-version":[{"id":2434,"href":"https:\/\/hotelamrathauskassel.de\/en\/wp-json\/wp\/v2\/pages\/1054\/revisions\/2434"}],"wp:attachment":[{"href":"https:\/\/hotelamrathauskassel.de\/en\/wp-json\/wp\/v2\/media?parent=1054"}],"curies":[{"name":"wp","href":"https:\/\/api.w.org\/{rel}","templated":true}]}}